{"id":1112,"date":"2023-07-21T10:37:06","date_gmt":"2023-07-21T02:37:06","guid":{"rendered":"https:\/\/slplasticmachine.com\/?page_id=1112"},"modified":"2023-07-21T10:37:08","modified_gmt":"2023-07-21T02:37:08","slug":"frequently-asked-questions","status":"publish","type":"page","link":"https:\/\/slplasticmachine.com\/es\/frequently-asked-questions\/","title":{"rendered":"Preguntas frecuentes"},"content":{"rendered":"<h2 class=\"wp-block-heading\">Acerca del fabricante de m\u00e1quinas granuladoras de pl\u00e1stico Efficient<\/h2>   <div id=\"rank-math-faq\" class=\"rank-math-block\"> <div class=\"rank-math-list\"> <div id=\"faq-question-1689824598086\" class=\"rank-math-list-item\"> <h3 class=\"rank-math-question\">\u00bfEs usted una f\u00e1brica o una empresa comercial?<\/h3> <div class=\"rank-math-answer\">  <p>Efficient Machinery es un fabricante profesional de granuladores de pl\u00e1stico en China. Tenemos nuestra propia f\u00e1brica en China.<\/p>  <\/div> <\/div> <div id=\"faq-question-1689824711084\" class=\"rank-math-list-item\"> <h3 class=\"rank-math-question\">\u00bfD\u00f3nde est\u00e1 tu f\u00e1brica?<\/h3> <div class=\"rank-math-answer\">  <p>Nuestra f\u00e1brica de fabricaci\u00f3n de pl\u00e1stico est\u00e1 ubicada en Henan, bienvenido a visitarla.<\/p>  <\/div> <\/div> <div id=\"faq-question-1689824796109\" class=\"rank-math-list-item\"> <h3 class=\"rank-math-question\">\u00bfCu\u00e1ndo se estableci\u00f3 su f\u00e1brica?<\/h3> <div class=\"rank-math-answer\">  <p>Efficient Machinery se estableci\u00f3 en 2011, fabricamos y exportamos m\u00e1quinas de reciclaje de pl\u00e1stico durante m\u00e1s de diez a\u00f1os.<\/p>  <\/div> <\/div> <div id=\"faq-question-1689824898448\" class=\"rank-math-list-item\"> <h3 class=\"rank-math-question\">\u00bfPuedo visitar su f\u00e1brica y empresa?<\/h3> <div class=\"rank-math-answer\">  <p>Claro, puede visitar nuestra f\u00e1brica y empresa. Invertir en equipos de reciclaje es costoso y una visita al sitio puede ayudarlo a elegir una m\u00e1quina valiosa y con gran capacidad.<\/p>  <\/div> <\/div> <div id=\"faq-question-1689835226143\" class=\"rank-math-list-item\"> <h3 class=\"rank-math-question\">\u00bfC\u00f3mo viajo a su empresa?<\/h3> <div class=\"rank-math-answer\">  <p>Tome un vuelo al aeropuerto de Xinzheng, donde nuestro conductor y equipo de ventas lo estar\u00e1n esperando para luego llevarlo a nuestra empresa y comenzar nuestro recorrido.<\/p>  <\/div> <\/div> <div id=\"faq-question-1689841841223\" class=\"rank-math-list-item\"> <h3 class=\"rank-math-question\">\u00bfPor qu\u00e9 elegir el fabricante de m\u00e1quinas granuladoras de pl\u00e1stico Efficient?<\/h3> <div class=\"rank-math-answer\">  <p>En primer lugar, los equipos de reciclaje de pl\u00e1stico son muy exigentes y requieren una calidad de accesorios muy estricta. Entendemos esto completamente, por lo que utilizamos materiales de la m\u00e1s alta calidad y procesos de producci\u00f3n avanzados en la fabricaci\u00f3n de nuestros equipos para garantizar durabilidad y estabilidad. Controlamos estrictamente cada paso del proceso de producci\u00f3n, desde la adquisici\u00f3n de materiales hasta el ensamblaje final, para garantizar que cada equipo cumpla con los m\u00e1s altos est\u00e1ndares de calidad.<\/p> <p>Siempre nos adherimos a la filosof\u00eda empresarial de poner a los clientes primero y la calidad como nuestra vida. No solo somos un fabricante de m\u00e1quinas granuladoras de pl\u00e1stico, sino tambi\u00e9n su socio confiable. Haremos todo lo posible para brindarle equipos y servicios de la mejor calidad y juntos ayudaremos a su negocio a lograr un mayor \u00e9xito.<\/p>  <\/div> <\/div> <\/div> <\/div>   <h2 class=\"wp-block-heading\">Pedido de m\u00e1quinas de reciclaje<\/h2>   <div id=\"rank-math-faq\" class=\"rank-math-block\"> <div class=\"rank-math-list\"> <div id=\"faq-question-1689843296723\" class=\"rank-math-list-item\"> <h3 class=\"rank-math-question\">\u00bfC\u00f3mo hago un pedido?<\/h3> <div class=\"rank-math-answer\">  <p>El primer paso es contactarnos v\u00eda Whatsapp o enviarnos un correo electr\u00f3nico, podr\u00e1s decirnos qu\u00e9 m\u00e1quina necesitas y los par\u00e1metros relevantes. <\/p>  <\/div> <\/div> <div id=\"faq-question-1689843403397\" class=\"rank-math-list-item\"> <h3 class=\"rank-math-question\">\u00bfTienen sus m\u00e1quinas la certificaci\u00f3n CE?<\/h3> <div class=\"rank-math-answer\">  <p>Hemos fabricado m\u00e1quinas de reciclaje de pl\u00e1stico durante m\u00e1s de diez a\u00f1os y todas nuestras m\u00e1quinas obtuvieron la certificaci\u00f3n CE.<\/p>  <\/div> <\/div> <div id=\"faq-question-1689843582950\" class=\"rank-math-list-item\"> <h3 class=\"rank-math-question\">\u00bfCu\u00e1nto cuesta su equipo?<\/h3> <div class=\"rank-math-answer\">  <p>El precio del granulador de pl\u00e1stico var\u00eda debido a factores como los costos de env\u00edo, las especificaciones de la m\u00e1quina y los accesorios. Por lo tanto, ya no ofrecemos cotizaciones de m\u00e1quinas espec\u00edficas en nuestro sitio web. Para obtener un precio detallado del granulador de pl\u00e1stico, cont\u00e1ctenos.<\/p>  <\/div> <\/div> <div id=\"faq-question-1689843932590\" class=\"rank-math-list-item\"> <h3 class=\"rank-math-question\">\u00bfCu\u00e1nto dura la garant\u00eda de sus m\u00e1quinas de reciclaje?<\/h3> <div class=\"rank-math-answer\">  <p>La garant\u00eda de nuestras m\u00e1quinas recicladoras de pl\u00e1stico es de 12 meses.<\/p>  <\/div> <\/div> <div id=\"faq-question-1689844023848\" class=\"rank-math-list-item\"> <h3 class=\"rank-math-question\">\u00bfC\u00f3mo instalo las m\u00e1quinas?<\/h3> <div class=\"rank-math-answer\">  <p>Todas nuestras m\u00e1quinas cuentan con instrucciones cuando llegan a su planta. Nuestro director de proyecto tambi\u00e9n le enviar\u00e1 una gu\u00eda en v\u00eddeo. Si necesita m\u00e1s ayuda con la instalaci\u00f3n, enviaremos a nuestros ingenieros a su pa\u00eds y lo asistiremos en persona. <\/p>  <\/div> <\/div> <div id=\"faq-question-1689844286259\" class=\"rank-math-list-item\"> <h3 class=\"rank-math-question\">\u00bfSe prueban las m\u00e1quinas antes de la entrega?<\/h3> <div class=\"rank-math-answer\">  <p>S\u00ed. Efficient Group probar\u00e1 nuestras m\u00e1quinas antes de la carga y entrega. Es mejor si puede venir a nuestra f\u00e1brica para ver las pruebas de la m\u00e1quina en vivo. Si no puede estar presente, nuestro gerente de ventas le grabar\u00e1 un video despu\u00e9s.<\/p>  <\/div> <\/div> <\/div> <\/div>","protected":false},"excerpt":{"rendered":"<p>Acerca de eficientes m\u00e1quinas de reciclaje de m\u00e1quinas de granulador de pl\u00e1stico de pl\u00e1stico que solicita m\u00e1quinas de reciclaje<\/p>","protected":false},"author":1,"featured_media":0,"parent":0,"menu_order":0,"comment_status":"closed","ping_status":"closed","template":"","meta":{"_kad_blocks_custom_css":"","_kad_blocks_head_custom_js":"","_kad_blocks_body_custom_js":"","_kad_blocks_footer_custom_js":"","footnotes":""},"class_list":["post-1112","page","type-page","status-publish","hentry"],"taxonomy_info":[],"featured_image_src_large":false,"author_info":{"display_name":"Ella","author_link":"https:\/\/slplasticmachine.com\/es\/author\/adminella\/"},"comment_info":0,"_links":{"self":[{"href":"https:\/\/slplasticmachine.com\/es\/wp-json\/wp\/v2\/pages\/1112","targetHints":{"allow":["GET"]}}],"collection":[{"href":"https:\/\/slplasticmachine.com\/es\/wp-json\/wp\/v2\/pages"}],"about":[{"href":"https:\/\/slplasticmachine.com\/es\/wp-json\/wp\/v2\/types\/page"}],"author":[{"embeddable":true,"href":"https:\/\/slplasticmachine.com\/es\/wp-json\/wp\/v2\/users\/1"}],"replies":[{"embeddable":true,"href":"https:\/\/slplasticmachine.com\/es\/wp-json\/wp\/v2\/comments?post=1112"}],"version-history":[{"count":0,"href":"https:\/\/slplasticmachine.com\/es\/wp-json\/wp\/v2\/pages\/1112\/revisions"}],"wp:attachment":[{"href":"https:\/\/slplasticmachine.com\/es\/wp-json\/wp\/v2\/media?parent=1112"}],"curies":[{"name":"wp","href":"https:\/\/api.w.org\/{rel}","templated":true}]}}