{"id":476,"date":"2023-06-21T15:20:30","date_gmt":"2023-06-21T07:20:30","guid":{"rendered":"https:\/\/slplasticmachine.com\/?page_id=476"},"modified":"2023-06-21T16:13:35","modified_gmt":"2023-06-21T08:13:35","slug":"field-installation-service","status":"publish","type":"page","link":"https:\/\/slplasticmachine.com\/es\/field-installation-service\/","title":{"rendered":"Servicio de instalaci\u00f3n en campo"},"content":{"rendered":"<p>Como fabricante profesional de m\u00e1quinas de reciclaje de pl\u00e1stico, Efficient Machinery se compromete a proporcionar l\u00edneas de granulaci\u00f3n de reciclaje de pl\u00e1stico y l\u00edneas de lavado y reciclaje de botellas de PET de alta calidad a nuestros clientes en todo el mundo. Adem\u00e1s de proporcionar equipos de alta calidad, tambi\u00e9n brindamos servicios de instalaci\u00f3n in situ para garantizar que nuestros clientes puedan poner en marcha las l\u00edneas sin problemas y obtener los mejores resultados.<\/p>    <figure class=\"wp-block-image aligncenter size-full\"><img fetchpriority=\"high\" decoding=\"async\" width=\"720\" height=\"540\" src=\"https:\/\/slplasticmachine.com\/wp-content\/uploads\/2023\/06\/plastic-pelletizing-machine-field-installation.webp\" alt=\"instalaci\u00f3n de campo de la m\u00e1quina peletizadora de pl\u00e1stico\" class=\"wp-image-477\" srcset=\"https:\/\/slplasticmachine.com\/wp-content\/uploads\/2023\/06\/plastic-pelletizing-machine-field-installation.webp 720w, https:\/\/slplasticmachine.com\/wp-content\/uploads\/2023\/06\/plastic-pelletizing-machine-field-installation-360x270.webp 360w, https:\/\/slplasticmachine.com\/wp-content\/uploads\/2023\/06\/plastic-pelletizing-machine-field-installation-240x180.webp 240w\" sizes=\"(max-width: 720px) 100vw, 720px\" \/><figcaption class=\"wp-element-caption\">Instalaci\u00f3n de campo de l\u00ednea de granulaci\u00f3n de reciclaje de pl\u00e1stico en Arabia Saudita<\/figcaption><\/figure>    <h2 class=\"wp-block-heading\">Ventajas de brindar servicios de instalaci\u00f3n in situ<\/h2>    <h3 class=\"wp-block-heading\">Equipo profesional<\/h3>    <p class=\"translation-block\">Contamos con un equipo de ingenieros t\u00e9cnicos experimentados que est\u00e1n familiarizados con la instalaci\u00f3n y puesta en marcha de<strong> l\u00edneas de granulaci\u00f3n de reciclaje de pl\u00e1stico<\/strong> y l\u00edneas de reciclaje de lavado de botellas de PET. Tienen la experiencia y las habilidades necesarias para garantizar un proceso de instalaci\u00f3n fluido, y nuestro equipo de ingenieros t\u00e9cnicos ha estado en Arabia Saudita, Nigeria, Congo, Etiop\u00eda y otros pa\u00edses para ayudar con \u00e9xito a los clientes a instalar m\u00e1quinas de reciclaje de pl\u00e1stico.<\/p>    <h3 class=\"wp-block-heading\">Soluciones personalizadas: <\/h3>    <p>Ofrecemos soluciones de instalaci\u00f3n personalizadas basadas en las necesidades espec\u00edficas del cliente y las condiciones del sitio. En las instalaciones del cliente, podemos trabajar estrechamente con el cliente para adaptar el dise\u00f1o de la l\u00ednea de reciclaje a la situaci\u00f3n real en cualquier momento, asegurando que el dise\u00f1o y la ubicaci\u00f3n de instalaci\u00f3n del equipo satisfagan sus necesidades de producci\u00f3n y maximicen la eficiencia de la producci\u00f3n.<\/p>    <h3 class=\"wp-block-heading\">En el lugar de entrenamiento<\/h3>    <p>Nuestros ingenieros t\u00e9cnicos brindan capacitaci\u00f3n integral a los clientes durante el proceso de instalaci\u00f3n, incluida instrucci\u00f3n sobre la operaci\u00f3n, el mantenimiento y la resoluci\u00f3n de problemas del equipo. Esto ayuda a los clientes a familiarizarse con el uso y mantenimiento del equipo y a garantizar que puedan utilizar plenamente el rendimiento del equipo.<\/p>    <h3 class=\"wp-block-heading\">Seguro de calidad<\/h3>    <p>Controlamos estrictamente la calidad del proceso de instalaci\u00f3n de la m\u00e1quina granuladora de pl\u00e1stico para garantizar que cada detalle cumpla con los est\u00e1ndares y especificaciones. Prestamos atenci\u00f3n a los detalles para garantizar un rendimiento estable y confiable del equipo despu\u00e9s de la instalaci\u00f3n, brindando a los clientes un entorno de producci\u00f3n estable a largo plazo.<\/p>    <h2 class=\"wp-block-heading\">Proceso de servicio de instalaci\u00f3n en campo.<\/h2>    <figure class=\"wp-block-image aligncenter size-full\"><img decoding=\"async\" width=\"720\" height=\"540\" src=\"https:\/\/slplasticmachine.com\/wp-content\/uploads\/2023\/06\/plastic-bottle-washing-line-field-training2.webp\" alt=\"\" class=\"wp-image-502\" srcset=\"https:\/\/slplasticmachine.com\/wp-content\/uploads\/2023\/06\/plastic-bottle-washing-line-field-training2.webp 720w, https:\/\/slplasticmachine.com\/wp-content\/uploads\/2023\/06\/plastic-bottle-washing-line-field-training2-360x270.webp 360w, https:\/\/slplasticmachine.com\/wp-content\/uploads\/2023\/06\/plastic-bottle-washing-line-field-training2-240x180.webp 240w\" sizes=\"(max-width: 720px) 100vw, 720px\" \/><\/figure>    <ul class=\"wp-block-list\"> <li>Preparaci\u00f3n preliminar. Antes de que comience el proceso de instalaci\u00f3n, nos comunicamos detalladamente con el cliente para comprender sus necesidades y requerimientos. Le pedimos al cliente que proporcione informaci\u00f3n relevante sobre el sitio, incluidos planos de planta de la f\u00e1brica, ubicaciones de instalaci\u00f3n de equipos y requisitos el\u00e9ctricos.<\/li>    <li>Desarrollo del Plan de Instalaci\u00f3n. Nuestro equipo de ingenieros t\u00e9cnicos desarrollar\u00e1 un plan de instalaci\u00f3n detallado basado en la informaci\u00f3n proporcionada por el cliente y las condiciones del sitio. Este plan incluir\u00e1 el cronograma de instalaci\u00f3n, el dise\u00f1o de la l\u00ednea de granulaci\u00f3n de reciclaje de pl\u00e1stico y la secuencia de instalaci\u00f3n.<\/li>    <li>Instalaci\u00f3n y capacitaci\u00f3n en sitio. Nuestros ingenieros t\u00e9cnicos acudir\u00e1n al sitio del cliente para ensamblar y poner en marcha el equipo para garantizar que funcione seg\u00fan lo requerido. Una vez completada la instalaci\u00f3n, proporcionar\u00e1n informaci\u00f3n detallada sobre los procedimientos operativos, los m\u00e9todos de mantenimiento y las t\u00e9cnicas de soluci\u00f3n de problemas del equipo, y responder\u00e1n cualquier pregunta que el cliente pueda tener.<\/li>    <li>Aceptaci\u00f3n de finalizaci\u00f3n: una vez completada la instalaci\u00f3n y la capacitaci\u00f3n de la l\u00ednea de granulaci\u00f3n de reciclaje de pl\u00e1stico, realizaremos una aceptaci\u00f3n de finalizaci\u00f3n con el cliente. Verificaremos cuidadosamente la calidad de la instalaci\u00f3n y el rendimiento del equipo para garantizar que el cliente est\u00e9 satisfecho y listo para la producci\u00f3n.<\/li> <\/ul>","protected":false},"excerpt":{"rendered":"<p>As a professional manufacturer of plastic recycling machines, Efficient Machinery is committed to providing high-quality plastic recycling granulating line and PET bottle washing and recycling line solutions to our customers worldwide. In addition to providing high-quality equipment, we also provide on-site installation services to ensure our customers can start up the lines smoothly and get [&hellip;]<\/p>\n","protected":false},"author":1,"featured_media":0,"parent":0,"menu_order":0,"comment_status":"closed","ping_status":"closed","template":"","meta":{"_kad_blocks_custom_css":"","_kad_blocks_head_custom_js":"","_kad_blocks_body_custom_js":"","_kad_blocks_footer_custom_js":"","footnotes":""},"class_list":["post-476","page","type-page","status-publish","hentry"],"taxonomy_info":[],"featured_image_src_large":false,"author_info":{"display_name":"Ella","author_link":"https:\/\/slplasticmachine.com\/es\/author\/adminella\/"},"comment_info":0,"_links":{"self":[{"href":"https:\/\/slplasticmachine.com\/es\/wp-json\/wp\/v2\/pages\/476","targetHints":{"allow":["GET"]}}],"collection":[{"href":"https:\/\/slplasticmachine.com\/es\/wp-json\/wp\/v2\/pages"}],"about":[{"href":"https:\/\/slplasticmachine.com\/es\/wp-json\/wp\/v2\/types\/page"}],"author":[{"embeddable":true,"href":"https:\/\/slplasticmachine.com\/es\/wp-json\/wp\/v2\/users\/1"}],"replies":[{"embeddable":true,"href":"https:\/\/slplasticmachine.com\/es\/wp-json\/wp\/v2\/comments?post=476"}],"version-history":[{"count":0,"href":"https:\/\/slplasticmachine.com\/es\/wp-json\/wp\/v2\/pages\/476\/revisions"}],"wp:attachment":[{"href":"https:\/\/slplasticmachine.com\/es\/wp-json\/wp\/v2\/media?parent=476"}],"curies":[{"name":"wp","href":"https:\/\/api.w.org\/{rel}","templated":true}]}}