{"id":1112,"date":"2023-07-21T10:37:06","date_gmt":"2023-07-21T02:37:06","guid":{"rendered":"https:\/\/slplasticmachine.com\/?page_id=1112"},"modified":"2023-07-21T10:37:08","modified_gmt":"2023-07-21T02:37:08","slug":"frequently-asked-questions","status":"publish","type":"page","link":"https:\/\/slplasticmachine.com\/fr\/frequently-asked-questions\/","title":{"rendered":"Questions fr\u00e9quemment pos\u00e9es"},"content":{"rendered":"<h2 class=\"wp-block-heading\">\u00c0 propos du fabricant de machine de granulation de plastique Efficient<\/h2>   <div id=\"rank-math-faq\" class=\"rank-math-block\"> <div class=\"rank-math-list\"> <div id=\"faq-question-1689824598086\" class=\"rank-math-list-item\"> <h3 class=\"rank-math-question\">\u00cates-vous une usine ou une soci\u00e9t\u00e9 commerciale\u00a0?<\/h3> <div class=\"rank-math-answer\">  <p>Efficient Machinery est un fabricant professionnel de granulateurs de plastique en Chine. Nous avons notre propre usine en Chine.<\/p>  <\/div> <\/div> <div id=\"faq-question-1689824711084\" class=\"rank-math-list-item\"> <h3 class=\"rank-math-question\">O\u00f9 est votre usine ?<\/h3> <div class=\"rank-math-answer\">  <p>Notre usine de fabrication de plastique est situ\u00e9e dans le Henan, bienvenue \u00e0 visiter.<\/p>  <\/div> <\/div> <div id=\"faq-question-1689824796109\" class=\"rank-math-list-item\"> <h3 class=\"rank-math-question\">Quand votre usine a-t-elle \u00e9t\u00e9 cr\u00e9\u00e9e\u00a0?<\/h3> <div class=\"rank-math-answer\">  <p>Efficient Machinery est cr\u00e9\u00e9e en 2011, nous fabriquons et exportons des machines de recyclage du plastique depuis plus de dix ans.<\/p>  <\/div> <\/div> <div id=\"faq-question-1689824898448\" class=\"rank-math-list-item\"> <h3 class=\"rank-math-question\">Puis-je visiter votre usine et votre entreprise\u00a0?<\/h3> <div class=\"rank-math-answer\">  <p>Bien s\u00fbr, vous \u00eates invit\u00e9s \u00e0 visiter notre usine et notre entreprise. Investir dans du mat\u00e9riel de recyclage co\u00fbte cher, et une visite sur place peut vous aider \u00e0 choisir une machine digne de ce nom et dot\u00e9e d\u2019une forte capacit\u00e9.<\/p>  <\/div> <\/div> <div id=\"faq-question-1689835226143\" class=\"rank-math-list-item\"> <h3 class=\"rank-math-question\">Comment me d\u00e9placer dans votre entreprise ?<\/h3> <div class=\"rank-math-answer\">  <p>Prenez un vol pour l'a\u00e9roport de Xinzheng, o\u00f9 notre chauffeur et notre \u00e9quipe commerciale vous attendront, puis vous conduiront \u00e0 notre entreprise et commenceront notre visite.<\/p>  <\/div> <\/div> <div id=\"faq-question-1689841841223\" class=\"rank-math-list-item\"> <h3 class=\"rank-math-question\">Pourquoi choisir le fabricant de machines de granulation de plastique Efficient\u00a0?<\/h3> <div class=\"rank-math-answer\">  <p>Tout d\u2019abord, les \u00e9quipements de recyclage du plastique sont tr\u00e8s exigeants et n\u00e9cessitent une qualit\u00e9 d\u2019accessoires tr\u00e8s stricte. Nous comprenons parfaitement cela, c'est pourquoi nous utilisons des mat\u00e9riaux de la plus haute qualit\u00e9 et des processus de production avanc\u00e9s dans la fabrication de nos \u00e9quipements pour garantir durabilit\u00e9 et stabilit\u00e9. Nous contr\u00f4lons strictement chaque \u00e9tape du processus de production, de l'approvisionnement en mat\u00e9riaux \u00e0 l'assemblage final, pour garantir que chaque pi\u00e8ce d'\u00e9quipement r\u00e9pond aux normes de qualit\u00e9 les plus \u00e9lev\u00e9es.<\/p> <p>nous adh\u00e9rons toujours \u00e0 la philosophie d'entreprise consistant \u00e0 donner la priorit\u00e9 aux clients et \u00e0 la qualit\u00e9 comme notre vie. Nous ne sommes pas seulement un fabricant de machines de granulation de plastique, mais \u00e9galement votre partenaire fiable. Nous ferons de notre mieux pour vous fournir des \u00e9quipements et des services de la meilleure qualit\u00e9 et, ensemble, nous aiderons votre entreprise \u00e0 conna\u00eetre un plus grand succ\u00e8s.<\/p>  <\/div> <\/div> <\/div> <\/div>   <h2 class=\"wp-block-heading\">Commande de machines de recyclage<\/h2>   <div id=\"rank-math-faq\" class=\"rank-math-block\"> <div class=\"rank-math-list\"> <div id=\"faq-question-1689843296723\" class=\"rank-math-list-item\"> <h3 class=\"rank-math-question\">Comment passer une commande ?<\/h3> <div class=\"rank-math-answer\">  <p>La premi\u00e8re \u00e9tape consiste \u00e0 nous contacter via Whatsapp ou \u00e0 nous envoyer un e-mail, vous pouvez nous indiquer de quelle machine vous avez besoin et les param\u00e8tres pertinents. <\/p>  <\/div> <\/div> <div id=\"faq-question-1689843403397\" class=\"rank-math-list-item\"> <h3 class=\"rank-math-question\">Vos machines sont-elles certifi\u00e9es CE ?<\/h3> <div class=\"rank-math-answer\">  <p>Nous fabriquons des machines de recyclage du plastique depuis plus de dix ans et toutes nos machines ont obtenu la certification CE.<\/p>  <\/div> <\/div> <div id=\"faq-question-1689843582950\" class=\"rank-math-list-item\"> <h3 class=\"rank-math-question\">Combien co\u00fbte votre \u00e9quipement ?<\/h3> <div class=\"rank-math-answer\">  <p>Le prix du granulateur en plastique varie en raison de facteurs tels que les frais d'exp\u00e9dition, les sp\u00e9cifications de la machine et les accessoires. C\u2019est pourquoi nous ne proposons plus de devis de machines sp\u00e9cifiques sur notre site Internet. Pour un prix d\u00e9taill\u00e9 du granulateur plastique, veuillez nous contacter.<\/p>  <\/div> <\/div> <div id=\"faq-question-1689843932590\" class=\"rank-math-list-item\"> <h3 class=\"rank-math-question\">Quelle est la dur\u00e9e de garantie de vos machines de recyclage ?<\/h3> <div class=\"rank-math-answer\">  <p>La garantie sur nos machines de recyclage du plastique est de 12 mois.<\/p>  <\/div> <\/div> <div id=\"faq-question-1689844023848\" class=\"rank-math-list-item\"> <h3 class=\"rank-math-question\">Comment installer les machines ?<\/h3> <div class=\"rank-math-answer\">  <p>Toutes nos machines ont des instructions lorsqu'elles arrivent dans votre usine. Notre chef de projet vous enverra \u00e9galement un guide vid\u00e9o. Si vous avez besoin de plus d'aide pour l'installation, nous organiserons l'envoi de nos ing\u00e9nieurs dans votre pays et vous assisterons en personne. <\/p>  <\/div> <\/div> <div id=\"faq-question-1689844286259\" class=\"rank-math-list-item\"> <h3 class=\"rank-math-question\">Les machines sont-elles test\u00e9es avant la livraison ?<\/h3> <div class=\"rank-math-answer\">  <p>Oui. Efficient Group testera nos machines avant le chargement et la livraison. Le mieux est que vous puissiez venir dans notre usine pour regarder les tests de la machine en direct. Si vous ne pouvez pas \u00eatre pr\u00e9sent, notre responsable commercial r\u00e9alisera ensuite une vid\u00e9o pour vous.<\/p>  <\/div> <\/div> <\/div> <\/div>","protected":false},"excerpt":{"rendered":"<p>Sur le fabricant de machines de granulatrice en plastique efficace Machines de recyclage<\/p>","protected":false},"author":1,"featured_media":0,"parent":0,"menu_order":0,"comment_status":"closed","ping_status":"closed","template":"","meta":{"_kad_blocks_custom_css":"","_kad_blocks_head_custom_js":"","_kad_blocks_body_custom_js":"","_kad_blocks_footer_custom_js":"","footnotes":""},"class_list":["post-1112","page","type-page","status-publish","hentry"],"taxonomy_info":[],"featured_image_src_large":false,"author_info":{"display_name":"Ella","author_link":"https:\/\/slplasticmachine.com\/fr\/author\/adminella\/"},"comment_info":0,"_links":{"self":[{"href":"https:\/\/slplasticmachine.com\/fr\/wp-json\/wp\/v2\/pages\/1112","targetHints":{"allow":["GET"]}}],"collection":[{"href":"https:\/\/slplasticmachine.com\/fr\/wp-json\/wp\/v2\/pages"}],"about":[{"href":"https:\/\/slplasticmachine.com\/fr\/wp-json\/wp\/v2\/types\/page"}],"author":[{"embeddable":true,"href":"https:\/\/slplasticmachine.com\/fr\/wp-json\/wp\/v2\/users\/1"}],"replies":[{"embeddable":true,"href":"https:\/\/slplasticmachine.com\/fr\/wp-json\/wp\/v2\/comments?post=1112"}],"version-history":[{"count":0,"href":"https:\/\/slplasticmachine.com\/fr\/wp-json\/wp\/v2\/pages\/1112\/revisions"}],"wp:attachment":[{"href":"https:\/\/slplasticmachine.com\/fr\/wp-json\/wp\/v2\/media?parent=1112"}],"curies":[{"name":"wp","href":"https:\/\/api.w.org\/{rel}","templated":true}]}}