{"id":476,"date":"2023-06-21T15:20:30","date_gmt":"2023-06-21T07:20:30","guid":{"rendered":"https:\/\/slplasticmachine.com\/?page_id=476"},"modified":"2023-06-21T16:13:35","modified_gmt":"2023-06-21T08:13:35","slug":"field-installation-service","status":"publish","type":"page","link":"https:\/\/slplasticmachine.com\/fr\/field-installation-service\/","title":{"rendered":"Service d'installation sur le terrain"},"content":{"rendered":"<p>En tant que fabricant professionnel de machines de recyclage du plastique, Efficient Machinery s'engage \u00e0 fournir des solutions de ligne de granulation de recyclage du plastique et de ligne de lavage et de recyclage de bouteilles PET de haute qualit\u00e9 \u00e0 nos clients du monde entier. En plus de fournir des \u00e9quipements de haute qualit\u00e9, nous fournissons \u00e9galement des services d'installation sur site pour garantir \u00e0 nos clients un d\u00e9marrage en douceur des lignes et l'obtention des meilleurs r\u00e9sultats.<\/p>    <figure class=\"wp-block-image aligncenter size-full\"><img fetchpriority=\"high\" decoding=\"async\" width=\"720\" height=\"540\" src=\"https:\/\/slplasticmachine.com\/wp-content\/uploads\/2023\/06\/plastic-pelletizing-machine-field-installation.webp\" alt=\"installation sur le terrain de la machine de granulation du plastique\" class=\"wp-image-477\" srcset=\"https:\/\/slplasticmachine.com\/wp-content\/uploads\/2023\/06\/plastic-pelletizing-machine-field-installation.webp 720w, https:\/\/slplasticmachine.com\/wp-content\/uploads\/2023\/06\/plastic-pelletizing-machine-field-installation-360x270.webp 360w, https:\/\/slplasticmachine.com\/wp-content\/uploads\/2023\/06\/plastic-pelletizing-machine-field-installation-240x180.webp 240w\" sizes=\"(max-width: 720px) 100vw, 720px\" \/><figcaption class=\"wp-element-caption\">installation sur le terrain d'une ligne de granulation de recyclage du plastique en Arabie Saoudite<\/figcaption><\/figure>    <h2 class=\"wp-block-heading\">Avantages de fournir des services d\u2019installation sur site<\/h2>    <h3 class=\"wp-block-heading\">Equipe professionelle<\/h3>    <p class=\"translation-block\">Nous avons une \u00e9quipe d'ing\u00e9nieurs techniques exp\u00e9riment\u00e9s qui connaissent l'installation et la mise en service de la <strong>ligne de granulation de recyclage de plastique<\/strong> et de la ligne de recyclage de lavage de bouteilles PET. Ils poss\u00e8dent l'expertise et les comp\u00e9tences n\u00e9cessaires pour garantir un processus d'installation fluide, et notre \u00e9quipe d'ing\u00e9nieurs techniques s'est rendue en Arabie Saoudite, au Nig\u00e9ria, au Congo, en \u00c9thiopie et dans d'autres pays pour aider avec succ\u00e8s les clients \u00e0 installer des machines de recyclage de plastique.<\/p>    <h3 class=\"wp-block-heading\">Solutions personnalis\u00e9es : <\/h3>    <p>Nous proposons des solutions d\u2019installation personnalis\u00e9es bas\u00e9es sur les besoins sp\u00e9cifiques du client et les conditions du site. Sur le site du client, nous pouvons travailler en \u00e9troite collaboration avec le client pour adapter \u00e0 tout moment la disposition de la ligne de recyclage \u00e0 la situation r\u00e9elle, en garantissant que la disposition et l'emplacement d'installation de l'\u00e9quipement r\u00e9pondent \u00e0 ses besoins de production et maximisent l'efficacit\u00e9 de la production.<\/p>    <h3 class=\"wp-block-heading\">Entrainement sur place<\/h3>    <p>Nos ing\u00e9nieurs techniques fournissent une formation compl\u00e8te aux clients pendant le processus d'installation, y compris des instructions sur le fonctionnement, la maintenance et le d\u00e9pannage de l'\u00e9quipement. Cela aide les clients \u00e0 se familiariser avec l\u2019utilisation et la maintenance de l\u2019\u00e9quipement et \u00e0 s\u2019assurer qu\u2019ils sont en mesure d\u2019utiliser pleinement les performances de l\u2019\u00e9quipement.<\/p>    <h3 class=\"wp-block-heading\">Assurance qualit\u00e9<\/h3>    <p>Nous contr\u00f4lons strictement la qualit\u00e9 du processus d'installation de la machine de granulation du plastique pour garantir que chaque d\u00e9tail r\u00e9pond aux normes et sp\u00e9cifications. Nous pr\u00eatons attention aux d\u00e9tails pour garantir des performances stables et fiables de l'\u00e9quipement apr\u00e8s l'installation, offrant ainsi aux clients un environnement de production stable \u00e0 long terme.<\/p>    <h2 class=\"wp-block-heading\">Processus de service d'installation sur le terrain<\/h2>    <figure class=\"wp-block-image aligncenter size-full\"><img decoding=\"async\" width=\"720\" height=\"540\" src=\"https:\/\/slplasticmachine.com\/wp-content\/uploads\/2023\/06\/plastic-bottle-washing-line-field-training2.webp\" alt=\"\" class=\"wp-image-502\" srcset=\"https:\/\/slplasticmachine.com\/wp-content\/uploads\/2023\/06\/plastic-bottle-washing-line-field-training2.webp 720w, https:\/\/slplasticmachine.com\/wp-content\/uploads\/2023\/06\/plastic-bottle-washing-line-field-training2-360x270.webp 360w, https:\/\/slplasticmachine.com\/wp-content\/uploads\/2023\/06\/plastic-bottle-washing-line-field-training2-240x180.webp 240w\" sizes=\"(max-width: 720px) 100vw, 720px\" \/><\/figure>    <ul class=\"wp-block-list\"> <li>Pr\u00e9paration pr\u00e9liminaire. Avant le d\u00e9but du processus d\u2019installation, nous communiquons en d\u00e9tail avec le client pour comprendre ses besoins et exigences. Nous demandons au client de fournir des informations pertinentes sur le site, notamment les plans d'\u00e9tage de l'usine, les emplacements d'installation des \u00e9quipements et les exigences \u00e9lectriques.<\/li>    <li>\u00c9laboration du plan d'installation. Notre \u00e9quipe d'ing\u00e9nieurs techniques \u00e9laborera un plan d'installation d\u00e9taill\u00e9 bas\u00e9 sur les informations fournies par le client et les conditions du site. Ce plan comprendra le calendrier d'installation, la disposition de la ligne de granulation de recyclage du plastique et la s\u00e9quence d'installation.<\/li>    <li>Installation et formation sur site. Nos ing\u00e9nieurs techniques se rendront sur le site du client pour assembler et mettre en service l\u2019\u00e9quipement afin de garantir qu\u2019il fonctionne comme requis. Une fois l\u2019installation termin\u00e9e, ils fourniront des informations d\u00e9taill\u00e9es sur les proc\u00e9dures de fonctionnement de l\u2019\u00e9quipement, les m\u00e9thodes de maintenance et les techniques de d\u00e9pannage, et r\u00e9pondront \u00e0 toutes les questions que le client pourrait avoir.<\/li>    <li>R\u00e9ception d'ach\u00e8vement\u00a0: Une fois l'installation et la formation de la ligne de granulation de recyclage du plastique termin\u00e9es, nous proc\u00e9derons \u00e0 une r\u00e9ception d'ach\u00e8vement avec le client. Nous v\u00e9rifierons soigneusement la qualit\u00e9 de l'installation et les performances de l'\u00e9quipement pour garantir que le client est satisfait et pr\u00eat pour la production.<\/li> <\/ul>","protected":false},"excerpt":{"rendered":"<p>As a professional manufacturer of plastic recycling machines, Efficient Machinery is committed to providing high-quality plastic recycling granulating line and PET bottle washing and recycling line solutions to our customers worldwide. In addition to providing high-quality equipment, we also provide on-site installation services to ensure our customers can start up the lines smoothly and get [&hellip;]<\/p>\n","protected":false},"author":1,"featured_media":0,"parent":0,"menu_order":0,"comment_status":"closed","ping_status":"closed","template":"","meta":{"_kad_blocks_custom_css":"","_kad_blocks_head_custom_js":"","_kad_blocks_body_custom_js":"","_kad_blocks_footer_custom_js":"","footnotes":""},"class_list":["post-476","page","type-page","status-publish","hentry"],"taxonomy_info":[],"featured_image_src_large":false,"author_info":{"display_name":"Ella","author_link":"https:\/\/slplasticmachine.com\/fr\/author\/adminella\/"},"comment_info":0,"_links":{"self":[{"href":"https:\/\/slplasticmachine.com\/fr\/wp-json\/wp\/v2\/pages\/476","targetHints":{"allow":["GET"]}}],"collection":[{"href":"https:\/\/slplasticmachine.com\/fr\/wp-json\/wp\/v2\/pages"}],"about":[{"href":"https:\/\/slplasticmachine.com\/fr\/wp-json\/wp\/v2\/types\/page"}],"author":[{"embeddable":true,"href":"https:\/\/slplasticmachine.com\/fr\/wp-json\/wp\/v2\/users\/1"}],"replies":[{"embeddable":true,"href":"https:\/\/slplasticmachine.com\/fr\/wp-json\/wp\/v2\/comments?post=476"}],"version-history":[{"count":0,"href":"https:\/\/slplasticmachine.com\/fr\/wp-json\/wp\/v2\/pages\/476\/revisions"}],"wp:attachment":[{"href":"https:\/\/slplasticmachine.com\/fr\/wp-json\/wp\/v2\/media?parent=476"}],"curies":[{"name":"wp","href":"https:\/\/api.w.org\/{rel}","templated":true}]}}