{"id":6,"date":"2023-06-05T15:47:42","date_gmt":"2023-06-05T07:47:42","guid":{"rendered":"https:\/\/slplasticmachine.com\/?page_id=6"},"modified":"2024-11-27T11:25:37","modified_gmt":"2024-11-27T03:25:37","slug":"about-us","status":"publish","type":"page","link":"https:\/\/slplasticmachine.com\/fr\/about-us\/","title":{"rendered":"\u00c0 propos de nous"},"content":{"rendered":"<div data-elementor-type=\"wp-page\" data-elementor-id=\"6\" class=\"elementor elementor-6\" data-elementor-post-type=\"page\"> \t\t\t\t<div class=\"elementor-element elementor-element-95ef067 e-flex e-con-boxed e-con e-parent\" data-id=\"95ef067\" data-element_type=\"container\" data-e-type=\"container\" data-settings=\"{&quot;background_background&quot;:&quot;classic&quot;}\"> \t\t\t\t\t<div class=\"e-con-inner\"> \t\t<div class=\"elementor-element elementor-element-0254d83 e-con-full e-flex e-con e-child\" data-id=\"0254d83\" data-element_type=\"container\" data-e-type=\"container\"> \t\t\t\t<div class=\"elementor-element elementor-element-4567150 elementor-widget elementor-widget-heading\" data-id=\"4567150\" data-element_type=\"widget\" data-e-type=\"widget\" data-widget_type=\"heading.default\"> \t\t\t\t\t<h1 class=\"elementor-heading-title elementor-size-default\">Bienvenue chez Machines efficaces <\/h1>\t\t\t\t<\/div> \t\t\t\t<div class=\"elementor-element elementor-element-6ce0b8f elementor-widget elementor-widget-heading\" data-id=\"6ce0b8f\" data-element_type=\"widget\" data-e-type=\"widget\" data-widget_type=\"heading.default\"> \t\t\t\t\t<h2 class=\"elementor-heading-title elementor-size-default\">Leaders de l\u2019industrie des machines de recyclage du plastique\u00a0!<\/h2>\t\t\t\t<\/div> \t\t\t\t<div class=\"elementor-element elementor-element-6f6b786 elementor-widget elementor-widget-text-editor\" data-id=\"6f6b786\" data-element_type=\"widget\" data-e-type=\"widget\" data-widget_type=\"text-editor.default\"> \t\t\t\t\t\t\t\t\t<p>Efficient Machinery est un fournisseur professionnel d'\u00e9quipements de recyclage du plastique, d\u00e9di\u00e9 \u00e0 fournir des machines et des solutions de recyclage du plastique efficaces et respectueuses de l'environnement aux clients du monde entier.<\/p>\t\t\t\t\t\t\t\t<\/div> \t\t\t\t<\/div> \t\t<div class=\"elementor-element elementor-element-8d8dd41 e-con-full e-flex e-con e-child\" data-id=\"8d8dd41\" data-element_type=\"container\" data-e-type=\"container\"> \t\t\t\t<div class=\"elementor-element elementor-element-38a992c elementor-widget elementor-widget-image\" data-id=\"38a992c\" data-element_type=\"widget\" data-e-type=\"widget\" data-widget_type=\"image.default\"> \t\t\t\t\t\t\t\t\t\t\t\t\t\t\t<img fetchpriority=\"high\" decoding=\"async\" width=\"720\" height=\"540\" src=\"https:\/\/slplasticmachine.com\/wp-content\/uploads\/2024\/11\/plasticrecycling-machine.webp\" class=\"attachment-large size-large wp-image-1413\" alt=\"\" srcset=\"https:\/\/slplasticmachine.com\/wp-content\/uploads\/2024\/11\/plasticrecycling-machine.webp 720w, https:\/\/slplasticmachine.com\/wp-content\/uploads\/2024\/11\/plasticrecycling-machine-360x270.webp 360w, https:\/\/slplasticmachine.com\/wp-content\/uploads\/2024\/11\/plasticrecycling-machine-240x180.webp 240w, https:\/\/slplasticmachine.com\/wp-content\/uploads\/2024\/11\/plasticrecycling-machine-16x12.webp 16w\" sizes=\"(max-width: 720px) 100vw, 720px\" \/>\t\t\t\t\t\t\t\t\t\t\t\t\t\t\t<\/div> \t\t\t\t<\/div> \t\t\t\t\t<\/div> \t\t\t\t<\/div> \t\t<div class=\"elementor-element elementor-element-dfbb607 e-flex e-con-boxed e-con e-parent\" data-id=\"dfbb607\" data-element_type=\"container\" data-e-type=\"container\"> \t\t\t\t\t<div class=\"e-con-inner\"> \t\t<div class=\"elementor-element elementor-element-4490582 e-con-full e-flex e-con e-child\" data-id=\"4490582\" data-element_type=\"container\" data-e-type=\"container\"> \t\t\t\t<div class=\"elementor-element elementor-element-4a9c0e0 elementor-widget elementor-widget-heading\" data-id=\"4a9c0e0\" data-element_type=\"widget\" data-e-type=\"widget\" data-widget_type=\"heading.default\"> \t\t\t\t\t<h2 class=\"elementor-heading-title elementor-size-default\">Notre mission<\/h2>\t\t\t\t<\/div> \t\t\t\t<div class=\"elementor-element elementor-element-580ed83 elementor-widget elementor-widget-text-editor\" data-id=\"580ed83\" data-element_type=\"widget\" data-e-type=\"widget\" data-widget_type=\"text-editor.default\"> \t\t\t\t\t\t\t\t\t<p>Au fond, nous sommes anim\u00e9s par la mission de cr\u00e9er un avenir plus vert et plus propre. Notre objectif est de fournir des machines de recyclage de pointe qui permettent un traitement efficace et efficient des d\u00e9chets plastiques, contribuant ainsi \u00e0 l'\u00e9conomie circulaire mondiale et minimisant l'impact environnemental.<\/p>\t\t\t\t\t\t\t\t<\/div> \t\t\t\t<\/div> \t\t<div class=\"elementor-element elementor-element-13706b1 e-con-full e-flex e-con e-child\" data-id=\"13706b1\" data-element_type=\"container\" data-e-type=\"container\"> \t\t\t\t<div class=\"elementor-element elementor-element-4ea7ed3 elementor-widget elementor-widget-image\" data-id=\"4ea7ed3\" data-element_type=\"widget\" data-e-type=\"widget\" data-widget_type=\"image.default\"> \t\t\t\t\t\t\t\t\t\t\t\t\t\t\t<img decoding=\"async\" width=\"720\" height=\"540\" src=\"https:\/\/slplasticmachine.com\/wp-content\/uploads\/2023\/06\/recycled-plastic-pellets.webp\" class=\"attachment-large size-large wp-image-497\" alt=\"\" srcset=\"https:\/\/slplasticmachine.com\/wp-content\/uploads\/2023\/06\/recycled-plastic-pellets.webp 720w, https:\/\/slplasticmachine.com\/wp-content\/uploads\/2023\/06\/recycled-plastic-pellets-360x270.webp 360w, https:\/\/slplasticmachine.com\/wp-content\/uploads\/2023\/06\/recycled-plastic-pellets-240x180.webp 240w\" sizes=\"(max-width: 720px) 100vw, 720px\" \/>\t\t\t\t\t\t\t\t\t\t\t\t\t\t\t<\/div> \t\t\t\t<\/div> \t\t\t\t\t<\/div> \t\t\t\t<\/div> \t\t<div class=\"elementor-element elementor-element-c16aae8 e-flex e-con-boxed e-con e-parent\" data-id=\"c16aae8\" data-element_type=\"container\" data-e-type=\"container\" data-settings=\"{&quot;background_background&quot;:&quot;classic&quot;,&quot;shape_divider_top&quot;:&quot;tilt&quot;,&quot;shape_divider_bottom&quot;:&quot;tilt&quot;}\"> \t\t\t\t\t<div class=\"e-con-inner\"> \t\t\t\t<div class=\"elementor-shape elementor-shape-top\" aria-hidden=\"true\" data-negative=\"false\"> \t\t\t<svg xmlns=\"http:\/\/www.w3.org\/2000\/svg\" viewbox=\"0 0 1000 100\" preserveaspectratio=\"none\"> \t<path class=\"elementor-shape-fill\" d=\"M0,6V0h1000v100L0,6z\"\/> <\/svg>\t\t<\/div> \t\t\t\t<div class=\"elementor-shape elementor-shape-bottom\" aria-hidden=\"true\" data-negative=\"false\"> \t\t\t<svg xmlns=\"http:\/\/www.w3.org\/2000\/svg\" viewbox=\"0 0 1000 100\" preserveaspectratio=\"none\"> \t<path class=\"elementor-shape-fill\" d=\"M0,6V0h1000v100L0,6z\"\/> <\/svg>\t\t<\/div> \t\t<div class=\"elementor-element elementor-element-2cbd046 e-con-full e-flex e-con e-child\" data-id=\"2cbd046\" data-element_type=\"container\" data-e-type=\"container\"> \t\t\t\t<div class=\"elementor-element elementor-element-e9366e0 elementor-widget elementor-widget-image\" data-id=\"e9366e0\" data-element_type=\"widget\" data-e-type=\"widget\" data-widget_type=\"image.default\"> \t\t\t\t\t\t\t\t\t\t\t\t\t\t\t<img decoding=\"async\" width=\"720\" height=\"540\" src=\"https:\/\/slplasticmachine.com\/wp-content\/uploads\/2024\/11\/platic-recycling-equipment-factory2.webp\" class=\"attachment-large size-large wp-image-1421\" alt=\"usine d&#039;\u00e9quipement de recyclage du plastique\" srcset=\"https:\/\/slplasticmachine.com\/wp-content\/uploads\/2024\/11\/platic-recycling-equipment-factory2.webp 720w, https:\/\/slplasticmachine.com\/wp-content\/uploads\/2024\/11\/platic-recycling-equipment-factory2-360x270.webp 360w, https:\/\/slplasticmachine.com\/wp-content\/uploads\/2024\/11\/platic-recycling-equipment-factory2-240x180.webp 240w, https:\/\/slplasticmachine.com\/wp-content\/uploads\/2024\/11\/platic-recycling-equipment-factory2-16x12.webp 16w\" sizes=\"(max-width: 720px) 100vw, 720px\" \/>\t\t\t\t\t\t\t\t\t\t\t\t\t\t\t<\/div> \t\t\t\t<\/div> \t\t<div class=\"elementor-element elementor-element-e44a1c4 e-con-full e-flex e-con e-child\" data-id=\"e44a1c4\" data-element_type=\"container\" data-e-type=\"container\"> \t\t\t\t<div class=\"elementor-element elementor-element-69d362c elementor-widget elementor-widget-heading\" data-id=\"69d362c\" data-element_type=\"widget\" data-e-type=\"widget\" data-widget_type=\"heading.default\"> \t\t\t\t\t<h2 class=\"elementor-heading-title elementor-size-default\">Notre R\u00e9alisation<\/h2>\t\t\t\t<\/div> \t\t\t\t<div class=\"elementor-element elementor-element-60b7c1d elementor-widget elementor-widget-text-editor\" data-id=\"60b7c1d\" data-element_type=\"widget\" data-e-type=\"widget\" data-widget_type=\"text-editor.default\"> \t\t\t\t\t\t\t\t\t<p>Depuis sa cr\u00e9ation, Efficient Group a \u00e9tabli une coop\u00e9ration avec des clients dans plus de 20 pays, les aidant \u00e0 cr\u00e9er des usines de recyclage sans aucune exp\u00e9rience, notamment des usines de concassage et de lavage de bouteilles en plastique PET, des usines de granulation de PEHD et LDPE, des lignes de recyclage de PSE, etc., qui impliquent plus de dix types de traitement et de r\u00e9utilisation des mati\u00e8res premi\u00e8res.<\/p><p>De plus, de nombreuses petites et moyennes usines de recyclage de plastique au Nigeria, en Iran, au Kenya, etc. nous ont contact\u00e9 pour les aider \u00e0 agrandir leurs usines, \u00e0 moderniser leurs anciens \u00e9quipements et \u00e0 d\u00e9velopper des solutions de recyclage plus adapt\u00e9es \u00e0 leurs besoins. Efficient a r\u00e9ussi \u00e0 augmenter efficacement la capacit\u00e9 de production de l'usine de recyclage de 20% sur la base de leur capacit\u00e9 d'origine, permettant aux recycleurs d'obtenir des pellets de meilleure qualit\u00e9 et une rentabilit\u00e9 plus \u00e9lev\u00e9e \u00e0 pas de g\u00e9ant.<\/p>\t\t\t\t\t\t\t\t<\/div> \t\t\t\t<\/div> \t\t\t\t\t<\/div> \t\t\t\t<\/div> \t\t<div class=\"elementor-element elementor-element-2f354f2 e-flex e-con-boxed e-con e-parent\" data-id=\"2f354f2\" data-element_type=\"container\" data-e-type=\"container\"> \t\t\t\t\t<div class=\"e-con-inner\"> \t\t<div class=\"elementor-element elementor-element-44b73b5 e-con-full e-flex e-con e-child\" data-id=\"44b73b5\" data-element_type=\"container\" data-e-type=\"container\"> \t\t\t\t<div class=\"elementor-element elementor-element-03ee00d elementor-widget elementor-widget-heading\" data-id=\"03ee00d\" data-element_type=\"widget\" data-e-type=\"widget\" data-widget_type=\"heading.default\"> \t\t\t\t\t<h2 class=\"elementor-heading-title elementor-size-default\">Nos prestations<\/h2>\t\t\t\t<\/div> \t\t\t\t<div class=\"elementor-element elementor-element-7154a06 elementor-widget elementor-widget-text-editor\" data-id=\"7154a06\" data-element_type=\"widget\" data-e-type=\"widget\" data-widget_type=\"text-editor.default\"> \t\t\t\t\t\t\t\t\t<p>De la consultation de produits et des solutions personnalis\u00e9es \u00e0 l'installation d'\u00e9quipements et au service apr\u00e8s-vente, Efficient Group fournit un service complet \u00e0 guichet unique \u00e0 nos clients. Notre \u00e9quipe de professionnels propose diff\u00e9rentes solutions de recyclage en fonction des diff\u00e9rents mat\u00e9riaux recycl\u00e9s des clients et con\u00e7oit la machine la plus adapt\u00e9e en fonction de la disposition des usines des clients. Pendant ce temps, apr\u00e8s la livraison, nous fournissons un service d'installation technique et une formation des travailleurs pour assurer la bonne mise en \u0153uvre de chaque projet de recyclage.<\/p>\t\t\t\t\t\t\t\t<\/div> \t\t\t\t<\/div> \t\t<div class=\"elementor-element elementor-element-a8e20bb e-con-full e-flex e-con e-child\" data-id=\"a8e20bb\" data-element_type=\"container\" data-e-type=\"container\"> \t\t\t\t<div class=\"elementor-element elementor-element-cdb9e62 elementor-widget elementor-widget-image\" data-id=\"cdb9e62\" data-element_type=\"widget\" data-e-type=\"widget\" data-widget_type=\"image.default\"> \t\t\t\t\t\t\t\t\t\t\t\t\t\t\t<img loading=\"lazy\" decoding=\"async\" width=\"720\" height=\"540\" src=\"https:\/\/slplasticmachine.com\/wp-content\/uploads\/2023\/06\/great-cooperation-with-our-Saudi-Arabian-client.webp\" class=\"attachment-large size-large wp-image-1606\" alt=\"excellente coop\u00e9ration avec notre client saoudien\" srcset=\"https:\/\/slplasticmachine.com\/wp-content\/uploads\/2023\/06\/great-cooperation-with-our-Saudi-Arabian-client.webp 720w, https:\/\/slplasticmachine.com\/wp-content\/uploads\/2023\/06\/great-cooperation-with-our-Saudi-Arabian-client-360x270.webp 360w, https:\/\/slplasticmachine.com\/wp-content\/uploads\/2023\/06\/great-cooperation-with-our-Saudi-Arabian-client-240x180.webp 240w, https:\/\/slplasticmachine.com\/wp-content\/uploads\/2023\/06\/great-cooperation-with-our-Saudi-Arabian-client-16x12.webp 16w\" sizes=\"(max-width: 720px) 100vw, 720px\" \/>\t\t\t\t\t\t\t\t\t\t\t\t\t\t\t<\/div> \t\t\t\t<\/div> \t\t\t\t\t<\/div> \t\t\t\t<\/div> \t\t<div class=\"elementor-element elementor-element-ff9ee93 e-flex e-con-boxed e-con e-parent\" data-id=\"ff9ee93\" data-element_type=\"container\" data-e-type=\"container\" data-settings=\"{&quot;background_background&quot;:&quot;classic&quot;}\"> \t\t\t\t\t<div class=\"e-con-inner\"> \t\t\t\t<div class=\"elementor-element elementor-element-208e90d elementor-widget elementor-widget-button\" data-id=\"208e90d\" data-element_type=\"widget\" data-e-type=\"widget\" data-widget_type=\"button.default\"> \t\t\t\t\t\t\t\t\t\t<a class=\"elementor-button elementor-button-link elementor-size-sm\" href=\"https:\/\/slplasticmachine.com\/fr\/quickcontact\/\"> \t\t\t\t\t\t<span class=\"elementor-button-content-wrapper\"> \t\t\t\t\t\t<span class=\"elementor-button-icon\"> \t\t\t\t<svg aria-hidden=\"true\" class=\"e-font-icon-svg e-fas-angle-right\" viewbox=\"0 0 256 512\" xmlns=\"http:\/\/www.w3.org\/2000\/svg\"><path d=\"M224.3 273l-136 136c-9.4 9.4-24.6 9.4-33.9 0l-22.6-22.6c-9.4-9.4-9.4-24.6 0-33.9l96.4-96.4-96.4-96.4c-9.4-9.4-9.4-24.6 0-33.9L54.3 103c9.4-9.4 24.6-9.4 33.9 0l136 136c9.5 9.4 9.5 24.6.1 34z\"><\/path><\/svg>\t\t\t<\/span> \t\t\t\t\t\t\t\t\t<span class=\"elementor-button-text\">Contactez-nous<\/span> \t\t\t\t\t<\/span> \t\t\t\t\t<\/a> \t\t\t\t\t\t\t\t<\/div> \t\t\t\t<div class=\"elementor-element elementor-element-ab81b72 elementor-widget elementor-widget-text-editor\" data-id=\"ab81b72\" data-element_type=\"widget\" data-e-type=\"widget\" data-widget_type=\"text-editor.default\"> \t\t\t\t\t\t\t\t\t<p>Pour toute demande de renseignements, opportunit\u00e9s de collaboration ou informations compl\u00e9mentaires sur nos machines de recyclage de plastique de pointe, n'h\u00e9sitez pas \u00e0 nous contacter. Nous sommes impatients de collaborer avec vous pour cr\u00e9er un avenir durable gr\u00e2ce \u00e0 une gestion avanc\u00e9e des d\u00e9chets plastiques.<\/p><p>N'h\u00e9sitez pas \u00e0 adapter le contenu en fonction des d\u00e9tails sp\u00e9cifiques de votre entreprise et de l'identit\u00e9 de votre marque dans le secteur des machines de recyclage du plastique.<\/p>\t\t\t\t\t\t\t\t<\/div> \t\t\t\t\t<\/div> \t\t\t\t<\/div> \t\t\t\t<\/div>","protected":false},"excerpt":{"rendered":"<p>Welcome to Efficient Machinery Leaders in Plastic Recycling Machinery Industry! Efficient Machinery is a professional plastic recycling equipment supplier, dedicated to providing efficient and environmentally friendly plastic recycling machines and solutions to customers all over the world. Our Mission At our core, we are driven by a mission to create a greener and cleaner future. [&hellip;]<\/p>\n","protected":false},"author":1,"featured_media":0,"parent":0,"menu_order":0,"comment_status":"closed","ping_status":"closed","template":"","meta":{"_kad_blocks_custom_css":"","_kad_blocks_head_custom_js":"","_kad_blocks_body_custom_js":"","_kad_blocks_footer_custom_js":"","footnotes":""},"class_list":["post-6","page","type-page","status-publish","hentry"],"taxonomy_info":[],"featured_image_src_large":false,"author_info":{"display_name":"Ella","author_link":"https:\/\/slplasticmachine.com\/fr\/author\/adminella\/"},"comment_info":0,"_links":{"self":[{"href":"https:\/\/slplasticmachine.com\/fr\/wp-json\/wp\/v2\/pages\/6","targetHints":{"allow":["GET"]}}],"collection":[{"href":"https:\/\/slplasticmachine.com\/fr\/wp-json\/wp\/v2\/pages"}],"about":[{"href":"https:\/\/slplasticmachine.com\/fr\/wp-json\/wp\/v2\/types\/page"}],"author":[{"embeddable":true,"href":"https:\/\/slplasticmachine.com\/fr\/wp-json\/wp\/v2\/users\/1"}],"replies":[{"embeddable":true,"href":"https:\/\/slplasticmachine.com\/fr\/wp-json\/wp\/v2\/comments?post=6"}],"version-history":[{"count":0,"href":"https:\/\/slplasticmachine.com\/fr\/wp-json\/wp\/v2\/pages\/6\/revisions"}],"wp:attachment":[{"href":"https:\/\/slplasticmachine.com\/fr\/wp-json\/wp\/v2\/media?parent=6"}],"curies":[{"name":"wp","href":"https:\/\/api.w.org\/{rel}","templated":true}]}}