{"id":1112,"date":"2023-07-21T10:37:06","date_gmt":"2023-07-21T02:37:06","guid":{"rendered":"https:\/\/slplasticmachine.com\/?page_id=1112"},"modified":"2023-07-21T10:37:08","modified_gmt":"2023-07-21T02:37:08","slug":"frequently-asked-questions","status":"publish","type":"page","link":"https:\/\/slplasticmachine.com\/pt\/frequently-asked-questions\/","title":{"rendered":"perguntas frequentes"},"content":{"rendered":"<h2 class=\"wp-block-heading\">Sobre o fabricante da m\u00e1quina granuladora de pl\u00e1stico Efficient<\/h2>   <div id=\"rank-math-faq\" class=\"rank-math-block\"> <div class=\"rank-math-list\"> <div id=\"faq-question-1689824598086\" class=\"rank-math-list-item\"> <h3 class=\"rank-math-question\">Voc\u00ea \u00e9 uma f\u00e1brica ou uma empresa comercial?<\/h3> <div class=\"rank-math-answer\">  <p>Efficient Machinery \u00e9 um fabricante profissional de granulador de pl\u00e1stico na China. Temos nossa pr\u00f3pria f\u00e1brica na China.<\/p>  <\/div> <\/div> <div id=\"faq-question-1689824711084\" class=\"rank-math-list-item\"> <h3 class=\"rank-math-question\">Onde est\u00e1 sua f\u00e1brica?<\/h3> <div class=\"rank-math-answer\">  <p>Nossa f\u00e1brica de fabrica\u00e7\u00e3o de pl\u00e1stico est\u00e1 localizada em Henan, bem-vindo para nos visitar.<\/p>  <\/div> <\/div> <div id=\"faq-question-1689824796109\" class=\"rank-math-list-item\"> <h3 class=\"rank-math-question\">Quando sua f\u00e1brica foi estabelecida?<\/h3> <div class=\"rank-math-answer\">  <p>A Efficient Machinery foi fundada em 2011, fabricamos e exportamos m\u00e1quinas de reciclagem de pl\u00e1stico h\u00e1 mais de dez anos.<\/p>  <\/div> <\/div> <div id=\"faq-question-1689824898448\" class=\"rank-math-list-item\"> <h3 class=\"rank-math-question\">Posso visitar sua f\u00e1brica e empresa?<\/h3> <div class=\"rank-math-answer\">  <p>Claro, voc\u00ea est\u00e1 convidado a visitar nossa f\u00e1brica e empresa. Investir em equipamentos de reciclagem \u00e9 caro e fazer uma visita ao local pode ajud\u00e1-lo a escolher uma m\u00e1quina digna e com grande capacidade.<\/p>  <\/div> <\/div> <div id=\"faq-question-1689835226143\" class=\"rank-math-list-item\"> <h3 class=\"rank-math-question\">Como fa\u00e7o para viajar at\u00e9 sua empresa?<\/h3> <div class=\"rank-math-answer\">  <p>Pegue um voo para o Aeroporto de Xinzheng, onde nosso motorista e equipe de vendas estar\u00e3o esperando por voc\u00ea e depois o levar\u00e3o at\u00e9 nossa empresa e iniciaremos nosso passeio.<\/p>  <\/div> <\/div> <div id=\"faq-question-1689841841223\" class=\"rank-math-list-item\"> <h3 class=\"rank-math-question\">Por que escolher o fabricante da m\u00e1quina granuladora de pl\u00e1stico Efficient?<\/h3> <div class=\"rank-math-answer\">  <p>Em primeiro lugar, os equipamentos de reciclagem de pl\u00e1stico s\u00e3o muito exigentes e exigem uma qualidade de acess\u00f3rios muito rigorosa. Compreendemos isso perfeitamente, e \u00e9 por isso que utilizamos materiais da mais alta qualidade e processos de produ\u00e7\u00e3o avan\u00e7ados na fabrica\u00e7\u00e3o de nossos equipamentos para garantir durabilidade e estabilidade. Controlamos rigorosamente todas as etapas do processo de produ\u00e7\u00e3o, desde a aquisi\u00e7\u00e3o de materiais at\u00e9 a montagem final, para garantir que cada equipamento atenda aos mais altos padr\u00f5es de qualidade.<\/p> <p>sempre aderimos \u00e0 filosofia empresarial de colocar os clientes em primeiro lugar e a qualidade como nossa vida. N\u00e3o somos apenas um fabricante de granuladores de pl\u00e1stico, mas tamb\u00e9m seu parceiro confi\u00e1vel. Faremos o nosso melhor para lhe fornecer equipamentos e servi\u00e7os da melhor qualidade e, juntos, ajudaremos o seu neg\u00f3cio a alcan\u00e7ar maior sucesso.<\/p>  <\/div> <\/div> <\/div> <\/div>   <h2 class=\"wp-block-heading\">Encomendar m\u00e1quinas de reciclagem<\/h2>   <div id=\"rank-math-faq\" class=\"rank-math-block\"> <div class=\"rank-math-list\"> <div id=\"faq-question-1689843296723\" class=\"rank-math-list-item\"> <h3 class=\"rank-math-question\">Como fa\u00e7o um pedido?<\/h3> <div class=\"rank-math-answer\">  <p>O primeiro passo \u00e9 entrar em contato conosco via Whatsapp ou enviar um e-mail, voc\u00ea poder\u00e1 nos informar qual m\u00e1quina precisa e os par\u00e2metros relevantes. <\/p>  <\/div> <\/div> <div id=\"faq-question-1689843403397\" class=\"rank-math-list-item\"> <h3 class=\"rank-math-question\">Suas m\u00e1quinas t\u00eam certifica\u00e7\u00e3o CE?<\/h3> <div class=\"rank-math-answer\">  <p>Fabricamos m\u00e1quinas de reciclagem de pl\u00e1stico h\u00e1 mais de dez anos e todas as nossas m\u00e1quinas passaram pela certifica\u00e7\u00e3o CE.<\/p>  <\/div> <\/div> <div id=\"faq-question-1689843582950\" class=\"rank-math-list-item\"> <h3 class=\"rank-math-question\">Quanto custa seu equipamento?<\/h3> <div class=\"rank-math-answer\">  <p>O pre\u00e7o do granulador de pl\u00e1stico varia devido a fatores como custos de envio, especifica\u00e7\u00f5es da m\u00e1quina e acess\u00f3rios. Portanto, n\u00e3o fornecemos mais cota\u00e7\u00f5es espec\u00edficas de m\u00e1quinas em nosso site. Para um pre\u00e7o detalhado do granulador de pl\u00e1stico, entre em contato conosco.<\/p>  <\/div> <\/div> <div id=\"faq-question-1689843932590\" class=\"rank-math-list-item\"> <h3 class=\"rank-math-question\">Quanto tempo dura a garantia de suas m\u00e1quinas de reciclagem?<\/h3> <div class=\"rank-math-answer\">  <p>A garantia das nossas m\u00e1quinas de reciclagem de pl\u00e1stico \u00e9 de 12 meses.<\/p>  <\/div> <\/div> <div id=\"faq-question-1689844023848\" class=\"rank-math-list-item\"> <h3 class=\"rank-math-question\">Como fa\u00e7o para instalar as m\u00e1quinas?<\/h3> <div class=\"rank-math-answer\">  <p>Todas as nossas m\u00e1quinas possuem instru\u00e7\u00f5es quando chegam \u00e0 sua f\u00e1brica. Nosso gerente de projeto tamb\u00e9m enviar\u00e1 a voc\u00ea um guia em v\u00eddeo. Se precisar de mais ajuda com a instala\u00e7\u00e3o, providenciaremos nossos engenheiros para o seu pa\u00eds e o ajudaremos pessoalmente. <\/p>  <\/div> <\/div> <div id=\"faq-question-1689844286259\" class=\"rank-math-list-item\"> <h3 class=\"rank-math-question\">As m\u00e1quinas s\u00e3o testadas antes da entrega?<\/h3> <div class=\"rank-math-answer\">  <p>Sim. O Grupo Efficient testar\u00e1 nossas m\u00e1quinas antes do carregamento e entrega. \u00c9 melhor se voc\u00ea puder vir \u00e0 nossa f\u00e1brica para assistir aos testes da m\u00e1quina ao vivo. Caso voc\u00ea n\u00e3o possa estar presente, nosso gerente de vendas gravar\u00e1 um v\u00eddeo para voc\u00ea posteriormente.<\/p>  <\/div> <\/div> <\/div> <\/div>","protected":false},"excerpt":{"rendered":"<p>Sobre eficiente fabricante de m\u00e1quinas de granulador de pl\u00e1stico eficiente M\u00e1quinas de reciclagem<\/p>","protected":false},"author":1,"featured_media":0,"parent":0,"menu_order":0,"comment_status":"closed","ping_status":"closed","template":"","meta":{"_kad_blocks_custom_css":"","_kad_blocks_head_custom_js":"","_kad_blocks_body_custom_js":"","_kad_blocks_footer_custom_js":"","footnotes":""},"class_list":["post-1112","page","type-page","status-publish","hentry"],"taxonomy_info":[],"featured_image_src_large":false,"author_info":{"display_name":"Ella","author_link":"https:\/\/slplasticmachine.com\/pt\/author\/adminella\/"},"comment_info":0,"_links":{"self":[{"href":"https:\/\/slplasticmachine.com\/pt\/wp-json\/wp\/v2\/pages\/1112","targetHints":{"allow":["GET"]}}],"collection":[{"href":"https:\/\/slplasticmachine.com\/pt\/wp-json\/wp\/v2\/pages"}],"about":[{"href":"https:\/\/slplasticmachine.com\/pt\/wp-json\/wp\/v2\/types\/page"}],"author":[{"embeddable":true,"href":"https:\/\/slplasticmachine.com\/pt\/wp-json\/wp\/v2\/users\/1"}],"replies":[{"embeddable":true,"href":"https:\/\/slplasticmachine.com\/pt\/wp-json\/wp\/v2\/comments?post=1112"}],"version-history":[{"count":0,"href":"https:\/\/slplasticmachine.com\/pt\/wp-json\/wp\/v2\/pages\/1112\/revisions"}],"wp:attachment":[{"href":"https:\/\/slplasticmachine.com\/pt\/wp-json\/wp\/v2\/media?parent=1112"}],"curies":[{"name":"wp","href":"https:\/\/api.w.org\/{rel}","templated":true}]}}