{"id":476,"date":"2023-06-21T15:20:30","date_gmt":"2023-06-21T07:20:30","guid":{"rendered":"https:\/\/slplasticmachine.com\/?page_id=476"},"modified":"2023-06-21T16:13:35","modified_gmt":"2023-06-21T08:13:35","slug":"field-installation-service","status":"publish","type":"page","link":"https:\/\/slplasticmachine.com\/pt\/field-installation-service\/","title":{"rendered":"Servi\u00e7o de instala\u00e7\u00e3o em campo"},"content":{"rendered":"<p>Como fabricante profissional de m\u00e1quinas de reciclagem de pl\u00e1stico, a Efficient Machinery est\u00e1 comprometida em fornecer linha de granula\u00e7\u00e3o para reciclagem de pl\u00e1stico de alta qualidade e solu\u00e7\u00f5es de linha de lavagem e reciclagem de garrafas PET para nossos clientes em todo o mundo. Al\u00e9m de fornecer equipamentos de alta qualidade, tamb\u00e9m fornecemos servi\u00e7os de instala\u00e7\u00e3o no local para garantir que nossos clientes possam iniciar as linhas sem problemas e obter os melhores resultados.<\/p>    <figure class=\"wp-block-image aligncenter size-full\"><img fetchpriority=\"high\" decoding=\"async\" width=\"720\" height=\"540\" src=\"https:\/\/slplasticmachine.com\/wp-content\/uploads\/2023\/06\/plastic-pelletizing-machine-field-installation.webp\" alt=\"instala\u00e7\u00e3o de campo de m\u00e1quina de pelotiza\u00e7\u00e3o de pl\u00e1stico\" class=\"wp-image-477\" srcset=\"https:\/\/slplasticmachine.com\/wp-content\/uploads\/2023\/06\/plastic-pelletizing-machine-field-installation.webp 720w, https:\/\/slplasticmachine.com\/wp-content\/uploads\/2023\/06\/plastic-pelletizing-machine-field-installation-360x270.webp 360w, https:\/\/slplasticmachine.com\/wp-content\/uploads\/2023\/06\/plastic-pelletizing-machine-field-installation-240x180.webp 240w\" sizes=\"(max-width: 720px) 100vw, 720px\" \/><figcaption class=\"wp-element-caption\">instala\u00e7\u00e3o de campo de linha de granula\u00e7\u00e3o para reciclagem de pl\u00e1stico na Ar\u00e1bia Saudita<\/figcaption><\/figure>    <h2 class=\"wp-block-heading\">Vantagens de fornecer servi\u00e7os de instala\u00e7\u00e3o no local<\/h2>    <h3 class=\"wp-block-heading\">Equipe profissional<\/h3>    <p class=\"translation-block\">Temos uma equipa de engenheiros t\u00e9cnicos experientes que est\u00e3o familiarizados com a instala\u00e7\u00e3o e comissionamento de<strong> linha de granula\u00e7\u00e3o para reciclagem de pl\u00e1stico<\/strong> e linha de reciclagem de lavagem de garrafas PET. Eles t\u00eam a experi\u00eancia e as compet\u00eancias para garantir um processo de instala\u00e7\u00e3o tranquilo, e a nossa equipa de engenheiros t\u00e9cnicos j\u00e1 esteve na Ar\u00e1bia Saudita, Nig\u00e9ria, Congo, Eti\u00f3pia e outros pa\u00edses para ajudar com sucesso os clientes a instalar m\u00e1quinas de reciclagem de pl\u00e1stico.<\/p>    <h3 class=\"wp-block-heading\">Solu\u00e7\u00f5es personalizadas: <\/h3>    <p>Oferecemos solu\u00e7\u00f5es de instala\u00e7\u00e3o personalizadas com base nas necessidades espec\u00edficas do cliente e nas condi\u00e7\u00f5es do local. Nas instala\u00e7\u00f5es do cliente, podemos trabalhar em estreita colabora\u00e7\u00e3o com o cliente para adaptar o layout da linha de reciclagem \u00e0 situa\u00e7\u00e3o real a qualquer momento, garantindo que o layout e o local de instala\u00e7\u00e3o do equipamento atendam \u00e0s suas necessidades de produ\u00e7\u00e3o e maximizem a efici\u00eancia da produ\u00e7\u00e3o.<\/p>    <h3 class=\"wp-block-heading\">Treinamento no local<\/h3>    <p>Nossos engenheiros t\u00e9cnicos fornecem treinamento abrangente aos clientes durante o processo de instala\u00e7\u00e3o, incluindo instru\u00e7\u00f5es sobre opera\u00e7\u00e3o, manuten\u00e7\u00e3o e solu\u00e7\u00e3o de problemas do equipamento. Isso ajuda os clientes a se familiarizarem com o uso e a manuten\u00e7\u00e3o do equipamento e a garantir que sejam capazes de utilizar plenamente o desempenho do equipamento.<\/p>    <h3 class=\"wp-block-heading\">Garantia da Qualidade<\/h3>    <p>Controlamos rigorosamente a qualidade do processo de instala\u00e7\u00e3o da m\u00e1quina de pelotiza\u00e7\u00e3o de pl\u00e1stico para garantir que cada detalhe atenda aos padr\u00f5es e especifica\u00e7\u00f5es. Prestamos aten\u00e7\u00e3o aos detalhes para garantir um desempenho est\u00e1vel e confi\u00e1vel do equipamento ap\u00f3s a instala\u00e7\u00e3o, proporcionando aos clientes um ambiente de produ\u00e7\u00e3o est\u00e1vel a longo prazo.<\/p>    <h2 class=\"wp-block-heading\">Processo de servi\u00e7o de instala\u00e7\u00e3o em campo<\/h2>    <figure class=\"wp-block-image aligncenter size-full\"><img decoding=\"async\" width=\"720\" height=\"540\" src=\"https:\/\/slplasticmachine.com\/wp-content\/uploads\/2023\/06\/plastic-bottle-washing-line-field-training2.webp\" alt=\"\" class=\"wp-image-502\" srcset=\"https:\/\/slplasticmachine.com\/wp-content\/uploads\/2023\/06\/plastic-bottle-washing-line-field-training2.webp 720w, https:\/\/slplasticmachine.com\/wp-content\/uploads\/2023\/06\/plastic-bottle-washing-line-field-training2-360x270.webp 360w, https:\/\/slplasticmachine.com\/wp-content\/uploads\/2023\/06\/plastic-bottle-washing-line-field-training2-240x180.webp 240w\" sizes=\"(max-width: 720px) 100vw, 720px\" \/><\/figure>    <ul class=\"wp-block-list\"> <li>Prepara\u00e7\u00e3o Preliminar. Antes de iniciar o processo de instala\u00e7\u00e3o, nos comunicamos detalhadamente com o cliente para entender suas necessidades e requisitos. Pedimos ao cliente que forne\u00e7a informa\u00e7\u00f5es relevantes sobre o local, incluindo plantas baixas da f\u00e1brica, locais de instala\u00e7\u00e3o de equipamentos e requisitos el\u00e9tricos.<\/li>    <li>Desenvolvimento do Plano de Instala\u00e7\u00e3o. Nossa equipe de engenheiros t\u00e9cnicos desenvolver\u00e1 um plano de instala\u00e7\u00e3o detalhado com base nas informa\u00e7\u00f5es fornecidas pelo cliente e nas condi\u00e7\u00f5es do local. Este plano incluir\u00e1 o cronograma de instala\u00e7\u00e3o, o layout da linha de granula\u00e7\u00e3o para reciclagem de pl\u00e1stico e a sequ\u00eancia de instala\u00e7\u00e3o.<\/li>    <li>Instala\u00e7\u00e3o e treinamento no local. Nossos engenheiros t\u00e9cnicos ir\u00e3o ao local do cliente para montar e comissionar o equipamento para garantir que ele funcione conforme necess\u00e1rio. Assim que a instala\u00e7\u00e3o for conclu\u00edda, eles fornecer\u00e3o informa\u00e7\u00f5es detalhadas sobre os procedimentos operacionais do equipamento, m\u00e9todos de manuten\u00e7\u00e3o e t\u00e9cnicas de solu\u00e7\u00e3o de problemas, e responder\u00e3o a quaisquer d\u00favidas que o cliente possa ter.<\/li>    <li>Aceita\u00e7\u00e3o da conclus\u00e3o: Ap\u00f3s a conclus\u00e3o da instala\u00e7\u00e3o e do treinamento da linha de granula\u00e7\u00e3o para reciclagem de pl\u00e1stico, realizaremos uma aceita\u00e7\u00e3o da conclus\u00e3o com o cliente. Verificaremos cuidadosamente a qualidade da instala\u00e7\u00e3o e o desempenho do equipamento para garantir que o cliente esteja satisfeito e pronto para produ\u00e7\u00e3o.<\/li> <\/ul>","protected":false},"excerpt":{"rendered":"<p>As a professional manufacturer of plastic recycling machines, Efficient Machinery is committed to providing high-quality plastic recycling granulating line and PET bottle washing and recycling line solutions to our customers worldwide. In addition to providing high-quality equipment, we also provide on-site installation services to ensure our customers can start up the lines smoothly and get [&hellip;]<\/p>\n","protected":false},"author":1,"featured_media":0,"parent":0,"menu_order":0,"comment_status":"closed","ping_status":"closed","template":"","meta":{"_kad_blocks_custom_css":"","_kad_blocks_head_custom_js":"","_kad_blocks_body_custom_js":"","_kad_blocks_footer_custom_js":"","footnotes":""},"class_list":["post-476","page","type-page","status-publish","hentry"],"taxonomy_info":[],"featured_image_src_large":false,"author_info":{"display_name":"Ella","author_link":"https:\/\/slplasticmachine.com\/pt\/author\/adminella\/"},"comment_info":0,"_links":{"self":[{"href":"https:\/\/slplasticmachine.com\/pt\/wp-json\/wp\/v2\/pages\/476","targetHints":{"allow":["GET"]}}],"collection":[{"href":"https:\/\/slplasticmachine.com\/pt\/wp-json\/wp\/v2\/pages"}],"about":[{"href":"https:\/\/slplasticmachine.com\/pt\/wp-json\/wp\/v2\/types\/page"}],"author":[{"embeddable":true,"href":"https:\/\/slplasticmachine.com\/pt\/wp-json\/wp\/v2\/users\/1"}],"replies":[{"embeddable":true,"href":"https:\/\/slplasticmachine.com\/pt\/wp-json\/wp\/v2\/comments?post=476"}],"version-history":[{"count":0,"href":"https:\/\/slplasticmachine.com\/pt\/wp-json\/wp\/v2\/pages\/476\/revisions"}],"wp:attachment":[{"href":"https:\/\/slplasticmachine.com\/pt\/wp-json\/wp\/v2\/media?parent=476"}],"curies":[{"name":"wp","href":"https:\/\/api.w.org\/{rel}","templated":true}]}}