{"id":6,"date":"2023-06-05T15:47:42","date_gmt":"2023-06-05T07:47:42","guid":{"rendered":"https:\/\/slplasticmachine.com\/?page_id=6"},"modified":"2024-11-27T11:25:37","modified_gmt":"2024-11-27T03:25:37","slug":"about-us","status":"publish","type":"page","link":"https:\/\/slplasticmachine.com\/pt\/about-us\/","title":{"rendered":"Sobre n\u00f3s"},"content":{"rendered":"<div data-elementor-type=\"wp-page\" data-elementor-id=\"6\" class=\"elementor elementor-6\" data-elementor-post-type=\"page\"> \t\t\t\t<div class=\"elementor-element elementor-element-95ef067 e-flex e-con-boxed e-con e-parent\" data-id=\"95ef067\" data-element_type=\"container\" data-e-type=\"container\" data-settings=\"{&quot;background_background&quot;:&quot;classic&quot;}\"> \t\t\t\t\t<div class=\"e-con-inner\"> \t\t<div class=\"elementor-element elementor-element-0254d83 e-con-full e-flex e-con e-child\" data-id=\"0254d83\" data-element_type=\"container\" data-e-type=\"container\"> \t\t\t\t<div class=\"elementor-element elementor-element-4567150 elementor-widget elementor-widget-heading\" data-id=\"4567150\" data-element_type=\"widget\" data-e-type=\"widget\" data-widget_type=\"heading.default\"> \t\t\t\t\t<h1 class=\"elementor-heading-title elementor-size-default\">Bem-vindo \u00e0 M\u00e1quinas Eficientes <\/h1>\t\t\t\t<\/div> \t\t\t\t<div class=\"elementor-element elementor-element-6ce0b8f elementor-widget elementor-widget-heading\" data-id=\"6ce0b8f\" data-element_type=\"widget\" data-e-type=\"widget\" data-widget_type=\"heading.default\"> \t\t\t\t\t<h2 class=\"elementor-heading-title elementor-size-default\">L\u00edderes na ind\u00fastria de m\u00e1quinas para reciclagem de pl\u00e1stico!<\/h2>\t\t\t\t<\/div> \t\t\t\t<div class=\"elementor-element elementor-element-6f6b786 elementor-widget elementor-widget-text-editor\" data-id=\"6f6b786\" data-element_type=\"widget\" data-e-type=\"widget\" data-widget_type=\"text-editor.default\"> \t\t\t\t\t\t\t\t\t<p>A Efficient Machinery \u00e9 um fornecedor profissional de equipamentos para reciclagem de pl\u00e1stico, dedicado a fornecer m\u00e1quinas e solu\u00e7\u00f5es de reciclagem de pl\u00e1stico eficientes e ecologicamente corretas para clientes em todo o mundo.<\/p>\t\t\t\t\t\t\t\t<\/div> \t\t\t\t<\/div> \t\t<div class=\"elementor-element elementor-element-8d8dd41 e-con-full e-flex e-con e-child\" data-id=\"8d8dd41\" data-element_type=\"container\" data-e-type=\"container\"> \t\t\t\t<div class=\"elementor-element elementor-element-38a992c elementor-widget elementor-widget-image\" data-id=\"38a992c\" data-element_type=\"widget\" data-e-type=\"widget\" data-widget_type=\"image.default\"> \t\t\t\t\t\t\t\t\t\t\t\t\t\t\t<img fetchpriority=\"high\" decoding=\"async\" width=\"720\" height=\"540\" src=\"https:\/\/slplasticmachine.com\/wp-content\/uploads\/2024\/11\/plasticrecycling-machine.webp\" class=\"attachment-large size-large wp-image-1413\" alt=\"\" srcset=\"https:\/\/slplasticmachine.com\/wp-content\/uploads\/2024\/11\/plasticrecycling-machine.webp 720w, https:\/\/slplasticmachine.com\/wp-content\/uploads\/2024\/11\/plasticrecycling-machine-360x270.webp 360w, https:\/\/slplasticmachine.com\/wp-content\/uploads\/2024\/11\/plasticrecycling-machine-240x180.webp 240w, https:\/\/slplasticmachine.com\/wp-content\/uploads\/2024\/11\/plasticrecycling-machine-16x12.webp 16w\" sizes=\"(max-width: 720px) 100vw, 720px\" \/>\t\t\t\t\t\t\t\t\t\t\t\t\t\t\t<\/div> \t\t\t\t<\/div> \t\t\t\t\t<\/div> \t\t\t\t<\/div> \t\t<div class=\"elementor-element elementor-element-dfbb607 e-flex e-con-boxed e-con e-parent\" data-id=\"dfbb607\" data-element_type=\"container\" data-e-type=\"container\"> \t\t\t\t\t<div class=\"e-con-inner\"> \t\t<div class=\"elementor-element elementor-element-4490582 e-con-full e-flex e-con e-child\" data-id=\"4490582\" data-element_type=\"container\" data-e-type=\"container\"> \t\t\t\t<div class=\"elementor-element elementor-element-4a9c0e0 elementor-widget elementor-widget-heading\" data-id=\"4a9c0e0\" data-element_type=\"widget\" data-e-type=\"widget\" data-widget_type=\"heading.default\"> \t\t\t\t\t<h2 class=\"elementor-heading-title elementor-size-default\">Nossa miss\u00e3o<\/h2>\t\t\t\t<\/div> \t\t\t\t<div class=\"elementor-element elementor-element-580ed83 elementor-widget elementor-widget-text-editor\" data-id=\"580ed83\" data-element_type=\"widget\" data-e-type=\"widget\" data-widget_type=\"text-editor.default\"> \t\t\t\t\t\t\t\t\t<p>Em nossa ess\u00eancia, somos movidos pela miss\u00e3o de criar um futuro mais verde e limpo. O nosso objetivo \u00e9 fornecer m\u00e1quinas de reciclagem de \u00faltima gera\u00e7\u00e3o que permitam o processamento eficiente e eficaz de res\u00edduos pl\u00e1sticos, contribuindo para a economia circular global e minimizando o impacto ambiental.<\/p>\t\t\t\t\t\t\t\t<\/div> \t\t\t\t<\/div> \t\t<div class=\"elementor-element elementor-element-13706b1 e-con-full e-flex e-con e-child\" data-id=\"13706b1\" data-element_type=\"container\" data-e-type=\"container\"> \t\t\t\t<div class=\"elementor-element elementor-element-4ea7ed3 elementor-widget elementor-widget-image\" data-id=\"4ea7ed3\" data-element_type=\"widget\" data-e-type=\"widget\" data-widget_type=\"image.default\"> \t\t\t\t\t\t\t\t\t\t\t\t\t\t\t<img decoding=\"async\" width=\"720\" height=\"540\" src=\"https:\/\/slplasticmachine.com\/wp-content\/uploads\/2023\/06\/recycled-plastic-pellets.webp\" class=\"attachment-large size-large wp-image-497\" alt=\"\" srcset=\"https:\/\/slplasticmachine.com\/wp-content\/uploads\/2023\/06\/recycled-plastic-pellets.webp 720w, https:\/\/slplasticmachine.com\/wp-content\/uploads\/2023\/06\/recycled-plastic-pellets-360x270.webp 360w, https:\/\/slplasticmachine.com\/wp-content\/uploads\/2023\/06\/recycled-plastic-pellets-240x180.webp 240w\" sizes=\"(max-width: 720px) 100vw, 720px\" \/>\t\t\t\t\t\t\t\t\t\t\t\t\t\t\t<\/div> \t\t\t\t<\/div> \t\t\t\t\t<\/div> \t\t\t\t<\/div> \t\t<div class=\"elementor-element elementor-element-c16aae8 e-flex e-con-boxed e-con e-parent\" data-id=\"c16aae8\" data-element_type=\"container\" data-e-type=\"container\" data-settings=\"{&quot;background_background&quot;:&quot;classic&quot;,&quot;shape_divider_top&quot;:&quot;tilt&quot;,&quot;shape_divider_bottom&quot;:&quot;tilt&quot;}\"> \t\t\t\t\t<div class=\"e-con-inner\"> \t\t\t\t<div class=\"elementor-shape elementor-shape-top\" aria-hidden=\"true\" data-negative=\"false\"> \t\t\t<svg xmlns=\"http:\/\/www.w3.org\/2000\/svg\" viewbox=\"0 0 1000 100\" preserveaspectratio=\"none\"> \t<path class=\"elementor-shape-fill\" d=\"M0,6V0h1000v100L0,6z\"\/> <\/svg>\t\t<\/div> \t\t\t\t<div class=\"elementor-shape elementor-shape-bottom\" aria-hidden=\"true\" data-negative=\"false\"> \t\t\t<svg xmlns=\"http:\/\/www.w3.org\/2000\/svg\" viewbox=\"0 0 1000 100\" preserveaspectratio=\"none\"> \t<path class=\"elementor-shape-fill\" d=\"M0,6V0h1000v100L0,6z\"\/> <\/svg>\t\t<\/div> \t\t<div class=\"elementor-element elementor-element-2cbd046 e-con-full e-flex e-con e-child\" data-id=\"2cbd046\" data-element_type=\"container\" data-e-type=\"container\"> \t\t\t\t<div class=\"elementor-element elementor-element-e9366e0 elementor-widget elementor-widget-image\" data-id=\"e9366e0\" data-element_type=\"widget\" data-e-type=\"widget\" data-widget_type=\"image.default\"> \t\t\t\t\t\t\t\t\t\t\t\t\t\t\t<img decoding=\"async\" width=\"720\" height=\"540\" src=\"https:\/\/slplasticmachine.com\/wp-content\/uploads\/2024\/11\/platic-recycling-equipment-factory2.webp\" class=\"attachment-large size-large wp-image-1421\" alt=\"f\u00e1brica de equipamentos de reciclagem de pl\u00e1stico\" srcset=\"https:\/\/slplasticmachine.com\/wp-content\/uploads\/2024\/11\/platic-recycling-equipment-factory2.webp 720w, https:\/\/slplasticmachine.com\/wp-content\/uploads\/2024\/11\/platic-recycling-equipment-factory2-360x270.webp 360w, https:\/\/slplasticmachine.com\/wp-content\/uploads\/2024\/11\/platic-recycling-equipment-factory2-240x180.webp 240w, https:\/\/slplasticmachine.com\/wp-content\/uploads\/2024\/11\/platic-recycling-equipment-factory2-16x12.webp 16w\" sizes=\"(max-width: 720px) 100vw, 720px\" \/>\t\t\t\t\t\t\t\t\t\t\t\t\t\t\t<\/div> \t\t\t\t<\/div> \t\t<div class=\"elementor-element elementor-element-e44a1c4 e-con-full e-flex e-con e-child\" data-id=\"e44a1c4\" data-element_type=\"container\" data-e-type=\"container\"> \t\t\t\t<div class=\"elementor-element elementor-element-69d362c elementor-widget elementor-widget-heading\" data-id=\"69d362c\" data-element_type=\"widget\" data-e-type=\"widget\" data-widget_type=\"heading.default\"> \t\t\t\t\t<h2 class=\"elementor-heading-title elementor-size-default\">Nossa conquista<\/h2>\t\t\t\t<\/div> \t\t\t\t<div class=\"elementor-element elementor-element-60b7c1d elementor-widget elementor-widget-text-editor\" data-id=\"60b7c1d\" data-element_type=\"widget\" data-e-type=\"widget\" data-widget_type=\"text-editor.default\"> \t\t\t\t\t\t\t\t\t<p>Desde a sua cria\u00e7\u00e3o, o Efficient Group estabeleceu coopera\u00e7\u00e3o com clientes em mais de 20 pa\u00edses, ajudando-os a estabelecer f\u00e1bricas de reciclagem sem experi\u00eancia, incluindo f\u00e1bricas de esmagamento e lavagem de garrafas de pl\u00e1stico PET, f\u00e1bricas de pelotiza\u00e7\u00e3o de HDPE e LDPE, linhas de reciclagem de EPS, etc., que envolvem mais de dez tipos de processamento e reutiliza\u00e7\u00e3o de mat\u00e9rias-primas.<\/p><p>Al\u00e9m disso, muitas f\u00e1bricas de reciclagem de pl\u00e1sticos de pequena e m\u00e9dia dimens\u00e3o na Nig\u00e9ria, no Ir\u00e3o, no Qu\u00e9nia, entre outros, contactaram-nos para ajud\u00e1-los a expandir as suas f\u00e1bricas, a actualizar os seus equipamentos antigos e a desenvolver solu\u00e7\u00f5es de reciclagem mais personalizadas para eles. A Efficient conseguiu aumentar efetivamente a capacidade de produ\u00e7\u00e3o da planta de reciclagem at\u00e9 20% com base em sua capacidade original, permitindo que os recicladores alcan\u00e7assem pellets de maior qualidade e maior lucratividade aos trancos e barrancos.<\/p>\t\t\t\t\t\t\t\t<\/div> \t\t\t\t<\/div> \t\t\t\t\t<\/div> \t\t\t\t<\/div> \t\t<div class=\"elementor-element elementor-element-2f354f2 e-flex e-con-boxed e-con e-parent\" data-id=\"2f354f2\" data-element_type=\"container\" data-e-type=\"container\"> \t\t\t\t\t<div class=\"e-con-inner\"> \t\t<div class=\"elementor-element elementor-element-44b73b5 e-con-full e-flex e-con e-child\" data-id=\"44b73b5\" data-element_type=\"container\" data-e-type=\"container\"> \t\t\t\t<div class=\"elementor-element elementor-element-03ee00d elementor-widget elementor-widget-heading\" data-id=\"03ee00d\" data-element_type=\"widget\" data-e-type=\"widget\" data-widget_type=\"heading.default\"> \t\t\t\t\t<h2 class=\"elementor-heading-title elementor-size-default\">Nossos servi\u00e7os<\/h2>\t\t\t\t<\/div> \t\t\t\t<div class=\"elementor-element elementor-element-7154a06 elementor-widget elementor-widget-text-editor\" data-id=\"7154a06\" data-element_type=\"widget\" data-e-type=\"widget\" data-widget_type=\"text-editor.default\"> \t\t\t\t\t\t\t\t\t<p>Desde consultoria de produtos e solu\u00e7\u00f5es personalizadas at\u00e9 instala\u00e7\u00e3o de equipamentos e servi\u00e7o p\u00f3s-venda, o Efficient Group oferece um servi\u00e7o completo e completo aos nossos clientes. Nossa equipe de profissionais oferece diferentes solu\u00e7\u00f5es de reciclagem de acordo com os diferentes materiais reciclados dos clientes e projeta a m\u00e1quina mais adequada de acordo com o layout das f\u00e1bricas dos clientes. Entretanto, ap\u00f3s a entrega, fornecemos servi\u00e7o de instala\u00e7\u00e3o t\u00e9cnica e forma\u00e7\u00e3o de trabalhadores para garantir a boa implementa\u00e7\u00e3o de cada projeto de reciclagem.<\/p>\t\t\t\t\t\t\t\t<\/div> \t\t\t\t<\/div> \t\t<div class=\"elementor-element elementor-element-a8e20bb e-con-full e-flex e-con e-child\" data-id=\"a8e20bb\" data-element_type=\"container\" data-e-type=\"container\"> \t\t\t\t<div class=\"elementor-element elementor-element-cdb9e62 elementor-widget elementor-widget-image\" data-id=\"cdb9e62\" data-element_type=\"widget\" data-e-type=\"widget\" data-widget_type=\"image.default\"> \t\t\t\t\t\t\t\t\t\t\t\t\t\t\t<img loading=\"lazy\" decoding=\"async\" width=\"720\" height=\"540\" src=\"https:\/\/slplasticmachine.com\/wp-content\/uploads\/2023\/06\/great-cooperation-with-our-Saudi-Arabian-client.webp\" class=\"attachment-large size-large wp-image-1606\" alt=\"grande coopera\u00e7\u00e3o com nosso cliente da Ar\u00e1bia Saudita\" srcset=\"https:\/\/slplasticmachine.com\/wp-content\/uploads\/2023\/06\/great-cooperation-with-our-Saudi-Arabian-client.webp 720w, https:\/\/slplasticmachine.com\/wp-content\/uploads\/2023\/06\/great-cooperation-with-our-Saudi-Arabian-client-360x270.webp 360w, https:\/\/slplasticmachine.com\/wp-content\/uploads\/2023\/06\/great-cooperation-with-our-Saudi-Arabian-client-240x180.webp 240w, https:\/\/slplasticmachine.com\/wp-content\/uploads\/2023\/06\/great-cooperation-with-our-Saudi-Arabian-client-16x12.webp 16w\" sizes=\"(max-width: 720px) 100vw, 720px\" \/>\t\t\t\t\t\t\t\t\t\t\t\t\t\t\t<\/div> \t\t\t\t<\/div> \t\t\t\t\t<\/div> \t\t\t\t<\/div> \t\t<div class=\"elementor-element elementor-element-ff9ee93 e-flex e-con-boxed e-con e-parent\" data-id=\"ff9ee93\" data-element_type=\"container\" data-e-type=\"container\" data-settings=\"{&quot;background_background&quot;:&quot;classic&quot;}\"> \t\t\t\t\t<div class=\"e-con-inner\"> \t\t\t\t<div class=\"elementor-element elementor-element-208e90d elementor-widget elementor-widget-button\" data-id=\"208e90d\" data-element_type=\"widget\" data-e-type=\"widget\" data-widget_type=\"button.default\"> \t\t\t\t\t\t\t\t\t\t<a class=\"elementor-button elementor-button-link elementor-size-sm\" href=\"https:\/\/slplasticmachine.com\/pt\/quickcontact\/\"> \t\t\t\t\t\t<span class=\"elementor-button-content-wrapper\"> \t\t\t\t\t\t<span class=\"elementor-button-icon\"> \t\t\t\t<svg aria-hidden=\"true\" class=\"e-font-icon-svg e-fas-angle-right\" viewbox=\"0 0 256 512\" xmlns=\"http:\/\/www.w3.org\/2000\/svg\"><path d=\"M224.3 273l-136 136c-9.4 9.4-24.6 9.4-33.9 0l-22.6-22.6c-9.4-9.4-9.4-24.6 0-33.9l96.4-96.4-96.4-96.4c-9.4-9.4-9.4-24.6 0-33.9L54.3 103c9.4-9.4 24.6-9.4 33.9 0l136 136c9.5 9.4 9.5 24.6.1 34z\"><\/path><\/svg>\t\t\t<\/span> \t\t\t\t\t\t\t\t\t<span class=\"elementor-button-text\">Contate-nos<\/span> \t\t\t\t\t<\/span> \t\t\t\t\t<\/a> \t\t\t\t\t\t\t\t<\/div> \t\t\t\t<div class=\"elementor-element elementor-element-ab81b72 elementor-widget elementor-widget-text-editor\" data-id=\"ab81b72\" data-element_type=\"widget\" data-e-type=\"widget\" data-widget_type=\"text-editor.default\"> \t\t\t\t\t\t\t\t\t<p>Para quaisquer d\u00favidas, oportunidades de colabora\u00e7\u00e3o ou mais informa\u00e7\u00f5es sobre nossas m\u00e1quinas de reciclagem de pl\u00e1stico de \u00faltima gera\u00e7\u00e3o, n\u00e3o hesite em entrar em contato conosco. Estamos ansiosos para fazer parceria com voc\u00ea na cria\u00e7\u00e3o de um futuro sustent\u00e1vel atrav\u00e9s da gest\u00e3o avan\u00e7ada de res\u00edduos pl\u00e1sticos.<\/p><p>Sinta-se \u00e0 vontade para personalizar o conte\u00fado de acordo com os detalhes espec\u00edficos da sua empresa e a identidade da marca no setor de m\u00e1quinas para reciclagem de pl\u00e1stico.<\/p>\t\t\t\t\t\t\t\t<\/div> \t\t\t\t\t<\/div> \t\t\t\t<\/div> \t\t\t\t<\/div>","protected":false},"excerpt":{"rendered":"<p>Welcome to Efficient Machinery Leaders in Plastic Recycling Machinery Industry! Efficient Machinery is a professional plastic recycling equipment supplier, dedicated to providing efficient and environmentally friendly plastic recycling machines and solutions to customers all over the world. Our Mission At our core, we are driven by a mission to create a greener and cleaner future. [&hellip;]<\/p>\n","protected":false},"author":1,"featured_media":0,"parent":0,"menu_order":0,"comment_status":"closed","ping_status":"closed","template":"","meta":{"_kad_blocks_custom_css":"","_kad_blocks_head_custom_js":"","_kad_blocks_body_custom_js":"","_kad_blocks_footer_custom_js":"","footnotes":""},"class_list":["post-6","page","type-page","status-publish","hentry"],"taxonomy_info":[],"featured_image_src_large":false,"author_info":{"display_name":"Ella","author_link":"https:\/\/slplasticmachine.com\/pt\/author\/adminella\/"},"comment_info":0,"_links":{"self":[{"href":"https:\/\/slplasticmachine.com\/pt\/wp-json\/wp\/v2\/pages\/6","targetHints":{"allow":["GET"]}}],"collection":[{"href":"https:\/\/slplasticmachine.com\/pt\/wp-json\/wp\/v2\/pages"}],"about":[{"href":"https:\/\/slplasticmachine.com\/pt\/wp-json\/wp\/v2\/types\/page"}],"author":[{"embeddable":true,"href":"https:\/\/slplasticmachine.com\/pt\/wp-json\/wp\/v2\/users\/1"}],"replies":[{"embeddable":true,"href":"https:\/\/slplasticmachine.com\/pt\/wp-json\/wp\/v2\/comments?post=6"}],"version-history":[{"count":0,"href":"https:\/\/slplasticmachine.com\/pt\/wp-json\/wp\/v2\/pages\/6\/revisions"}],"wp:attachment":[{"href":"https:\/\/slplasticmachine.com\/pt\/wp-json\/wp\/v2\/media?parent=6"}],"curies":[{"name":"wp","href":"https:\/\/api.w.org\/{rel}","templated":true}]}}